{"id":129,"date":"2025-09-15T18:06:26","date_gmt":"2025-09-15T16:06:26","guid":{"rendered":"https:\/\/barreaudutanganyika.org\/index.php\/batonnier\/"},"modified":"2025-09-30T19:23:44","modified_gmt":"2025-09-30T17:23:44","slug":"batonnier","status":"publish","type":"page","link":"https:\/\/barreaudutanganyika.org\/index.php\/batonnier\/","title":{"rendered":"B\u00e2tonnier"},"content":{"rendered":"\t\t<div data-elementor-type=\"wp-page\" data-elementor-id=\"129\" class=\"elementor elementor-129\" data-elementor-post-type=\"page\">\n\t\t\t\t<div class=\"elementor-element elementor-element-78461b7d e-flex e-con-boxed e-con e-parent\" data-id=\"78461b7d\" data-element_type=\"container\" data-settings=\"{&quot;background_background&quot;:&quot;classic&quot;}\">\n\t\t\t\t\t<div class=\"e-con-inner\">\n\t\t\t\t<div class=\"elementor-element elementor-element-4b19e9bc elementor-widget elementor-widget-heading\" data-id=\"4b19e9bc\" data-element_type=\"widget\" data-widget_type=\"heading.default\">\n\t\t\t\t\t<h1 class=\"elementor-heading-title elementor-size-default\">B\u00e2tonnier<\/h1>\t\t\t\t<\/div>\n\t\t\t\t<div class=\"elementor-element elementor-element-6b0b0ea elementor-widget-divider--view-line elementor-widget elementor-widget-divider\" data-id=\"6b0b0ea\" data-element_type=\"widget\" data-widget_type=\"divider.default\">\n\t\t\t\t\t\t\t<div class=\"elementor-divider\">\n\t\t\t<span class=\"elementor-divider-separator\">\n\t\t\t\t\t\t<\/span>\n\t\t<\/div>\n\t\t\t\t\t\t<\/div>\n\t\t\t\t<div class=\"elementor-element elementor-element-620a4ad6 elementor-widget elementor-widget-text-editor\" data-id=\"620a4ad6\" data-element_type=\"widget\" data-widget_type=\"text-editor.default\">\n\t\t\t\t\t\t\t\t\t<p>Le b\u00e2tonnier repr\u00e9sente le barreau, il veille \u00e0 la discipline de tous les avocats, concilie les diff\u00e9rends et assure le bon fonctionnement du Conseil de l\u2019Ordre. Toute communication faite au barreau ou au Conseil de l\u2019Ordre lui est adress\u00e9e.<\/p>\n<p>Il est \u00e9lu pour un mandat de trois ans, renouvelable une fois,&nbsp; par l\u2019Assembl\u00e9e G\u00e9n\u00e9rale au scrutin secret et \u00e0 la majorit\u00e9 absolue des suffrages.<\/p>\t\t\t\t\t\t\t\t<\/div>\n\t\t<div class=\"elementor-element elementor-element-8e30462 e-con-full e-flex e-con e-child\" data-id=\"8e30462\" data-element_type=\"container\">\n\t\t<div class=\"elementor-element elementor-element-e020c86 e-con-full e-flex e-con e-child\" data-id=\"e020c86\" data-element_type=\"container\">\n\t\t\t\t<div class=\"elementor-element elementor-element-5388690 elementor-align-center elementor-widget elementor-widget-button\" data-id=\"5388690\" data-element_type=\"widget\" data-widget_type=\"button.default\">\n\t\t\t\t\t\t\t\t\t\t<a class=\"elementor-button elementor-button-link elementor-size-sm\" href=\"https:\/\/barreaudutanganyika.org\/index.php\/batonnier-3\/\">\n\t\t\t\t\t\t<span class=\"elementor-button-content-wrapper\">\n\t\t\t\t\t\t\t\t\t<span class=\"elementor-button-text\">B\u00e2tonnier en fonction<\/span>\n\t\t\t\t\t<\/span>\n\t\t\t\t\t<\/a>\n\t\t\t\t\t\t\t\t<\/div>\n\t\t\t\t<\/div>\n\t\t<div class=\"elementor-element elementor-element-909d576 e-con-full e-flex e-con e-child\" data-id=\"909d576\" data-element_type=\"container\">\n\t\t\t\t<div class=\"elementor-element elementor-element-7ed750e elementor-align-center elementor-widget elementor-widget-button\" data-id=\"7ed750e\" data-element_type=\"widget\" data-widget_type=\"button.default\">\n\t\t\t\t\t\t\t\t\t\t<a class=\"elementor-button elementor-button-link elementor-size-sm\" href=\"https:\/\/barreaudutanganyika.org\/index.php\/ancien-batonnier\/\">\n\t\t\t\t\t\t<span class=\"elementor-button-content-wrapper\">\n\t\t\t\t\t\t\t\t\t<span class=\"elementor-button-text\">Ancien B\u00e2tonnier<\/span>\n\t\t\t\t\t<\/span>\n\t\t\t\t\t<\/a>\n\t\t\t\t\t\t\t\t<\/div>\n\t\t\t\t<\/div>\n\t\t\t\t<\/div>\n\t\t\t\t\t<\/div>\n\t\t\t\t<\/div>\n\t\t\t\t<\/div>\n\t\t","protected":false},"excerpt":{"rendered":"<p>B\u00e2tonnier Le b\u00e2tonnier repr\u00e9sente le barreau, il veille \u00e0 la discipline de tous les avocats, concilie les diff\u00e9rends et assure le bon fonctionnement du Conseil de l\u2019Ordre. Toute communication faite au barreau ou au Conseil de l\u2019Ordre lui est adress\u00e9e. Il est \u00e9lu pour un mandat de trois ans, renouvelable une fois,&nbsp; par l\u2019Assembl\u00e9e G\u00e9n\u00e9rale [&hellip;]<\/p>\n","protected":false},"author":1,"featured_media":0,"parent":0,"menu_order":0,"comment_status":"closed","ping_status":"closed","template":"elementor_header_footer","meta":{"footnotes":""},"class_list":["post-129","page","type-page","status-publish","hentry"],"yoast_head":"<!-- This site is optimized with the Yoast SEO plugin v26.0 - https:\/\/yoast.com\/wordpress\/plugins\/seo\/ -->\n<title>B\u00e2tonnier - Barreau du Tanganyika<\/title>\n<meta name=\"robots\" content=\"index, follow, max-snippet:-1, max-image-preview:large, max-video-preview:-1\" \/>\n<link rel=\"canonical\" href=\"https:\/\/barreaudutanganyika.org\/index.php\/batonnier\/\" \/>\n<meta property=\"og:locale\" content=\"fr_FR\" \/>\n<meta property=\"og:type\" content=\"article\" \/>\n<meta property=\"og:title\" content=\"B\u00e2tonnier - Barreau du Tanganyika\" \/>\n<meta property=\"og:description\" content=\"B\u00e2tonnier Le b\u00e2tonnier repr\u00e9sente le barreau, il veille \u00e0 la discipline de tous les avocats, concilie les diff\u00e9rends et assure le bon fonctionnement du Conseil de l\u2019Ordre. Toute communication faite au barreau ou au Conseil de l\u2019Ordre lui est adress\u00e9e. Il est \u00e9lu pour un mandat de trois ans, renouvelable une fois,&nbsp; par l\u2019Assembl\u00e9e G\u00e9n\u00e9rale [&hellip;]\" \/>\n<meta property=\"og:url\" content=\"https:\/\/barreaudutanganyika.org\/index.php\/batonnier\/\" \/>\n<meta property=\"og:site_name\" content=\"Barreau du Tanganyika\" \/>\n<meta property=\"article:modified_time\" content=\"2025-09-30T17:23:44+00:00\" \/>\n<meta name=\"twitter:card\" content=\"summary_large_image\" \/>\n<meta name=\"twitter:label1\" content=\"Dur\u00e9e de lecture estim\u00e9e\" \/>\n\t<meta name=\"twitter:data1\" content=\"1 minute\" \/>\n<script type=\"application\/ld+json\" class=\"yoast-schema-graph\">{\"@context\":\"https:\/\/schema.org\",\"@graph\":[{\"@type\":\"WebPage\",\"@id\":\"https:\/\/barreaudutanganyika.org\/index.php\/batonnier\/\",\"url\":\"https:\/\/barreaudutanganyika.org\/index.php\/batonnier\/\",\"name\":\"B\u00e2tonnier - Barreau du Tanganyika\",\"isPartOf\":{\"@id\":\"https:\/\/barreaudutanganyika.org\/#website\"},\"datePublished\":\"2025-09-15T16:06:26+00:00\",\"dateModified\":\"2025-09-30T17:23:44+00:00\",\"breadcrumb\":{\"@id\":\"https:\/\/barreaudutanganyika.org\/index.php\/batonnier\/#breadcrumb\"},\"inLanguage\":\"fr-FR\",\"potentialAction\":[{\"@type\":\"ReadAction\",\"target\":[\"https:\/\/barreaudutanganyika.org\/index.php\/batonnier\/\"]}]},{\"@type\":\"BreadcrumbList\",\"@id\":\"https:\/\/barreaudutanganyika.org\/index.php\/batonnier\/#breadcrumb\",\"itemListElement\":[{\"@type\":\"ListItem\",\"position\":1,\"name\":\"Accueil\",\"item\":\"https:\/\/barreaudutanganyika.org\/\"},{\"@type\":\"ListItem\",\"position\":2,\"name\":\"B\u00e2tonnier\"}]},{\"@type\":\"WebSite\",\"@id\":\"https:\/\/barreaudutanganyika.org\/#website\",\"url\":\"https:\/\/barreaudutanganyika.org\/\",\"name\":\"Barreau du Tanganyika\",\"description\":\"Service juridique pour les avocats\",\"publisher\":{\"@id\":\"https:\/\/barreaudutanganyika.org\/#organization\"},\"potentialAction\":[{\"@type\":\"SearchAction\",\"target\":{\"@type\":\"EntryPoint\",\"urlTemplate\":\"https:\/\/barreaudutanganyika.org\/?s={search_term_string}\"},\"query-input\":{\"@type\":\"PropertyValueSpecification\",\"valueRequired\":true,\"valueName\":\"search_term_string\"}}],\"inLanguage\":\"fr-FR\"},{\"@type\":\"Organization\",\"@id\":\"https:\/\/barreaudutanganyika.org\/#organization\",\"name\":\"BARREAU DU TANGANYIKA\",\"url\":\"https:\/\/barreaudutanganyika.org\/\",\"logo\":{\"@type\":\"ImageObject\",\"inLanguage\":\"fr-FR\",\"@id\":\"https:\/\/barreaudutanganyika.org\/#\/schema\/logo\/image\/\",\"url\":\"https:\/\/barreaudutanganyika.org\/wp-content\/uploads\/2025\/09\/logo-barreau-couleur-e1757684624614.png\",\"contentUrl\":\"https:\/\/barreaudutanganyika.org\/wp-content\/uploads\/2025\/09\/logo-barreau-couleur-e1757684624614.png\",\"width\":2276,\"height\":747,\"caption\":\"BARREAU DU TANGANYIKA\"},\"image\":{\"@id\":\"https:\/\/barreaudutanganyika.org\/#\/schema\/logo\/image\/\"}}]}<\/script>\n<!-- \/ Yoast SEO plugin. -->","yoast_head_json":{"title":"B\u00e2tonnier - Barreau du Tanganyika","robots":{"index":"index","follow":"follow","max-snippet":"max-snippet:-1","max-image-preview":"max-image-preview:large","max-video-preview":"max-video-preview:-1"},"canonical":"https:\/\/barreaudutanganyika.org\/index.php\/batonnier\/","og_locale":"fr_FR","og_type":"article","og_title":"B\u00e2tonnier - Barreau du Tanganyika","og_description":"B\u00e2tonnier Le b\u00e2tonnier repr\u00e9sente le barreau, il veille \u00e0 la discipline de tous les avocats, concilie les diff\u00e9rends et assure le bon fonctionnement du Conseil de l\u2019Ordre. Toute communication faite au barreau ou au Conseil de l\u2019Ordre lui est adress\u00e9e. Il est \u00e9lu pour un mandat de trois ans, renouvelable une fois,&nbsp; par l\u2019Assembl\u00e9e G\u00e9n\u00e9rale [&hellip;]","og_url":"https:\/\/barreaudutanganyika.org\/index.php\/batonnier\/","og_site_name":"Barreau du Tanganyika","article_modified_time":"2025-09-30T17:23:44+00:00","twitter_card":"summary_large_image","twitter_misc":{"Dur\u00e9e de lecture estim\u00e9e":"1 minute"},"schema":{"@context":"https:\/\/schema.org","@graph":[{"@type":"WebPage","@id":"https:\/\/barreaudutanganyika.org\/index.php\/batonnier\/","url":"https:\/\/barreaudutanganyika.org\/index.php\/batonnier\/","name":"B\u00e2tonnier - Barreau du Tanganyika","isPartOf":{"@id":"https:\/\/barreaudutanganyika.org\/#website"},"datePublished":"2025-09-15T16:06:26+00:00","dateModified":"2025-09-30T17:23:44+00:00","breadcrumb":{"@id":"https:\/\/barreaudutanganyika.org\/index.php\/batonnier\/#breadcrumb"},"inLanguage":"fr-FR","potentialAction":[{"@type":"ReadAction","target":["https:\/\/barreaudutanganyika.org\/index.php\/batonnier\/"]}]},{"@type":"BreadcrumbList","@id":"https:\/\/barreaudutanganyika.org\/index.php\/batonnier\/#breadcrumb","itemListElement":[{"@type":"ListItem","position":1,"name":"Accueil","item":"https:\/\/barreaudutanganyika.org\/"},{"@type":"ListItem","position":2,"name":"B\u00e2tonnier"}]},{"@type":"WebSite","@id":"https:\/\/barreaudutanganyika.org\/#website","url":"https:\/\/barreaudutanganyika.org\/","name":"Barreau du Tanganyika","description":"Service juridique pour les avocats","publisher":{"@id":"https:\/\/barreaudutanganyika.org\/#organization"},"potentialAction":[{"@type":"SearchAction","target":{"@type":"EntryPoint","urlTemplate":"https:\/\/barreaudutanganyika.org\/?s={search_term_string}"},"query-input":{"@type":"PropertyValueSpecification","valueRequired":true,"valueName":"search_term_string"}}],"inLanguage":"fr-FR"},{"@type":"Organization","@id":"https:\/\/barreaudutanganyika.org\/#organization","name":"BARREAU DU TANGANYIKA","url":"https:\/\/barreaudutanganyika.org\/","logo":{"@type":"ImageObject","inLanguage":"fr-FR","@id":"https:\/\/barreaudutanganyika.org\/#\/schema\/logo\/image\/","url":"https:\/\/barreaudutanganyika.org\/wp-content\/uploads\/2025\/09\/logo-barreau-couleur-e1757684624614.png","contentUrl":"https:\/\/barreaudutanganyika.org\/wp-content\/uploads\/2025\/09\/logo-barreau-couleur-e1757684624614.png","width":2276,"height":747,"caption":"BARREAU DU TANGANYIKA"},"image":{"@id":"https:\/\/barreaudutanganyika.org\/#\/schema\/logo\/image\/"}}]}},"jetpack_sharing_enabled":true,"_links":{"self":[{"href":"https:\/\/barreaudutanganyika.org\/index.php\/wp-json\/wp\/v2\/pages\/129","targetHints":{"allow":["GET"]}}],"collection":[{"href":"https:\/\/barreaudutanganyika.org\/index.php\/wp-json\/wp\/v2\/pages"}],"about":[{"href":"https:\/\/barreaudutanganyika.org\/index.php\/wp-json\/wp\/v2\/types\/page"}],"author":[{"embeddable":true,"href":"https:\/\/barreaudutanganyika.org\/index.php\/wp-json\/wp\/v2\/users\/1"}],"replies":[{"embeddable":true,"href":"https:\/\/barreaudutanganyika.org\/index.php\/wp-json\/wp\/v2\/comments?post=129"}],"version-history":[{"count":52,"href":"https:\/\/barreaudutanganyika.org\/index.php\/wp-json\/wp\/v2\/pages\/129\/revisions"}],"predecessor-version":[{"id":1667,"href":"https:\/\/barreaudutanganyika.org\/index.php\/wp-json\/wp\/v2\/pages\/129\/revisions\/1667"}],"wp:attachment":[{"href":"https:\/\/barreaudutanganyika.org\/index.php\/wp-json\/wp\/v2\/media?parent=129"}],"curies":[{"name":"wp","href":"https:\/\/api.w.org\/{rel}","templated":true}]}}