{"id":1313,"date":"2025-09-27T15:42:49","date_gmt":"2025-09-27T13:42:49","guid":{"rendered":"https:\/\/barreaudutanganyika.org\/?page_id=1313"},"modified":"2025-10-02T20:22:06","modified_gmt":"2025-10-02T18:22:06","slug":"batonnier-3","status":"publish","type":"page","link":"https:\/\/barreaudutanganyika.org\/index.php\/batonnier-3\/","title":{"rendered":"B\u00e2tonnier en fonction"},"content":{"rendered":"\t\t<div data-elementor-type=\"wp-page\" data-elementor-id=\"1313\" class=\"elementor elementor-1313\" data-elementor-post-type=\"page\">\n\t\t\t\t<div class=\"elementor-element elementor-element-ecf8e96 e-con-full e-flex e-con e-parent\" data-id=\"ecf8e96\" data-element_type=\"container\" data-settings=\"{&quot;background_background&quot;:&quot;classic&quot;}\">\n\t\t<div class=\"elementor-element elementor-element-283cc48a e-flex e-con-boxed e-con e-child\" data-id=\"283cc48a\" data-element_type=\"container\">\n\t\t\t\t\t<div class=\"e-con-inner\">\n\t\t<div class=\"elementor-element elementor-element-5442ab87 e-con-full e-flex e-con e-child\" data-id=\"5442ab87\" data-element_type=\"container\">\n\t\t\t\t<div class=\"elementor-element elementor-element-33be349b elementor-widget elementor-widget-heading\" data-id=\"33be349b\" data-element_type=\"widget\" data-widget_type=\"heading.default\">\n\t\t\t\t\t<h2 class=\"elementor-heading-title elementor-size-default\">B\u00e2tonnier Alex Kabinda Ngoy<\/h2>\t\t\t\t<\/div>\n\t\t\t\t<div class=\"elementor-element elementor-element-6e78e39 elementor-widget elementor-widget-text-editor\" data-id=\"6e78e39\" data-element_type=\"widget\" data-widget_type=\"text-editor.default\">\n\t\t\t\t\t\t\t\t\t<p><b>Alex Kabinda Ngoy<\/b> n\u00e9 en 1972, est le fils du Procureur G\u00e9n\u00e9ral Floribert Luhonge Kabinda Ngoy. Il est originaire de la Province du Tanganyika o\u00f9 il a commenc\u00e9 son cursus scolaire avant de se d\u00e9v\u00e9lopper \u00e0 Lubumbashi et Kinshasa puis Bruxelles.<\/p>\t\t\t\t\t\t\t\t<\/div>\n\t\t\t\t<\/div>\n\t\t\t\t<div class=\"elementor-element elementor-element-30f902a7 elementor-widget__width-initial elementor-widget-mobile__width-inherit elementor-widget elementor-widget-image\" data-id=\"30f902a7\" data-element_type=\"widget\" data-widget_type=\"image.default\">\n\t\t\t\t\t\t\t\t\t\t\t\t\t\t\t<img fetchpriority=\"high\" decoding=\"async\" width=\"800\" height=\"622\" src=\"https:\/\/barreaudutanganyika.org\/wp-content\/uploads\/2025\/09\/barreau-tanganyika-1600x1244-1-1024x796.jpg\" class=\"attachment-large size-large wp-image-282\" alt=\"\" srcset=\"https:\/\/barreaudutanganyika.org\/wp-content\/uploads\/2025\/09\/barreau-tanganyika-1600x1244-1-1024x796.jpg 1024w, https:\/\/barreaudutanganyika.org\/wp-content\/uploads\/2025\/09\/barreau-tanganyika-1600x1244-1-300x233.jpg 300w, https:\/\/barreaudutanganyika.org\/wp-content\/uploads\/2025\/09\/barreau-tanganyika-1600x1244-1-768x597.jpg 768w, https:\/\/barreaudutanganyika.org\/wp-content\/uploads\/2025\/09\/barreau-tanganyika-1600x1244-1-1536x1194.jpg 1536w, https:\/\/barreaudutanganyika.org\/wp-content\/uploads\/2025\/09\/barreau-tanganyika-1600x1244-1.jpg 1600w\" sizes=\"(max-width: 800px) 100vw, 800px\" \/>\t\t\t\t\t\t\t\t\t\t\t\t\t\t\t<\/div>\n\t\t\t\t\t<\/div>\n\t\t\t\t<\/div>\n\t\t\t\t<\/div>\n\t\t<div class=\"elementor-element elementor-element-519d1e6 e-flex e-con-boxed e-con e-parent\" data-id=\"519d1e6\" data-element_type=\"container\">\n\t\t\t\t\t<div class=\"e-con-inner\">\n\t\t\t\t<div class=\"elementor-element elementor-element-40ca814 elementor-widget elementor-widget-heading\" data-id=\"40ca814\" data-element_type=\"widget\" data-widget_type=\"heading.default\">\n\t\t\t\t\t<h2 class=\"elementor-heading-title elementor-size-default\">Pr\u00e9sentation du B\u00e2tonnier<\/h2>\t\t\t\t<\/div>\n\t\t\t\t\t<\/div>\n\t\t\t\t<\/div>\n\t\t<div class=\"elementor-element elementor-element-0e376f7 e-flex e-con-boxed e-con e-parent\" data-id=\"0e376f7\" data-element_type=\"container\">\n\t\t\t\t\t<div class=\"e-con-inner\">\n\t\t\t\t<div class=\"elementor-element elementor-element-f809b83 elementor-widget-divider--view-line elementor-widget elementor-widget-divider\" data-id=\"f809b83\" data-element_type=\"widget\" data-widget_type=\"divider.default\">\n\t\t\t\t\t\t\t<div class=\"elementor-divider\">\n\t\t\t<span class=\"elementor-divider-separator\">\n\t\t\t\t\t\t<\/span>\n\t\t<\/div>\n\t\t\t\t\t\t<\/div>\n\t\t\t\t\t<\/div>\n\t\t\t\t<\/div>\n\t\t<div class=\"elementor-element elementor-element-b6dba7c e-flex e-con-boxed e-con e-parent\" data-id=\"b6dba7c\" data-element_type=\"container\">\n\t\t\t\t\t<div class=\"e-con-inner\">\n\t\t<div class=\"elementor-element elementor-element-8fe6266 e-con-full e-flex e-con e-child\" data-id=\"8fe6266\" data-element_type=\"container\">\n\t\t\t\t<div class=\"elementor-element elementor-element-07b6e4b elementor-widget elementor-widget-text-editor\" data-id=\"07b6e4b\" data-element_type=\"widget\" data-widget_type=\"text-editor.default\">\n\t\t\t\t\t\t\t\t\t<p>Ma\u00eetre <b>Alex KABINDA NGOY<\/b> est le B\u00e2tonnier en fonction du Barreau du Tanganyika. Il est le tout premier B\u00e2tonnier de l\u2019Ordre des Avocats du Barreau pr\u00e8s la Cour d\u2019Appel du Tanganyika, \u00e0 l\u2019issu de son \u00e9lection majoritaire le 10 novembre 2018.&nbsp; Convaincant aux yeux des avocats de son Barreau, le <b>B\u00e2tonnier Alex KABINDA<\/b> a \u00e9t\u00e9 r\u00e9\u00e9lu \u00e0 la t\u00eate du Barreau du Tanganyika par la totalit\u00e9 des avocats \u00e9lecteurs (33\/33) le 11 octobre 2022.<\/p>\t\t\t\t\t\t\t\t<\/div>\n\t\t\t\t<\/div>\n\t\t<div class=\"elementor-element elementor-element-f8b0d38 e-con-full e-flex e-con e-child\" data-id=\"f8b0d38\" data-element_type=\"container\">\n\t\t\t\t<div class=\"elementor-element elementor-element-cad780f elementor-widget elementor-widget-text-editor\" data-id=\"cad780f\" data-element_type=\"widget\" data-widget_type=\"text-editor.default\">\n\t\t\t\t\t\t\t\t\t<p>Sur le plan scientifique, Le <b>B\u00e2tonnier Alex KABINDA NGOY<\/b> est Docteur en droit de la propri\u00e9t\u00e9 intellectuelle de l&rsquo;Universit\u00e9 catholique de Louvain-La-Neuve&nbsp;en&nbsp;Belgique et Master droit \u00e9conomique de la m\u00eame universit\u00e9. Mais avant, Le B\u00e2tonnier Alex est titulaire d\u2019un dipl\u00f4me en droit priv\u00e9 et judiciaire de l&rsquo;Universit\u00e9 de Kinshasa.<\/p>\t\t\t\t\t\t\t\t<\/div>\n\t\t\t\t<\/div>\n\t\t<div class=\"elementor-element elementor-element-e8ff5b3 e-con-full e-flex e-con e-child\" data-id=\"e8ff5b3\" data-element_type=\"container\">\n\t\t\t\t<div class=\"elementor-element elementor-element-a5774b5 elementor-widget elementor-widget-text-editor\" data-id=\"a5774b5\" data-element_type=\"widget\" data-widget_type=\"text-editor.default\">\n\t\t\t\t\t\t\t\t\t<p>Du point de vue professionnel, le <b>B\u00e2tonnier Alex KABINDA NGOY<\/b> est avocat en Belgique et en R\u00e9publique D\u00e9mocratique du Congo depuis 2000, Patron de Etude Kabinda Avocats DRC, Son cabinet d&rsquo;avocat. Il est avocat et membre du Barreau de Lubumbashi depuis 2000. Il est \u00e9galement membre associ\u00e9 du\u00a0Barreau de Bruxelles\u00a0ainsi que mandataire congolais en mines et carri\u00e8res.<\/p>\t\t\t\t\t\t\t\t<\/div>\n\t\t\t\t<\/div>\n\t\t\t\t\t<\/div>\n\t\t\t\t<\/div>\n\t\t<div class=\"elementor-element elementor-element-c8716a9 e-flex e-con-boxed e-con e-parent\" data-id=\"c8716a9\" data-element_type=\"container\">\n\t\t\t\t\t<div class=\"e-con-inner\">\n\t\t\t\t<div class=\"elementor-element elementor-element-6c0605a elementor-widget-divider--view-line elementor-widget elementor-widget-divider\" data-id=\"6c0605a\" data-element_type=\"widget\" data-widget_type=\"divider.default\">\n\t\t\t\t\t\t\t<div class=\"elementor-divider\">\n\t\t\t<span class=\"elementor-divider-separator\">\n\t\t\t\t\t\t<\/span>\n\t\t<\/div>\n\t\t\t\t\t\t<\/div>\n\t\t\t\t\t<\/div>\n\t\t\t\t<\/div>\n\t\t<div class=\"elementor-element elementor-element-2f117a0b e-con-full e-flex e-con e-parent\" data-id=\"2f117a0b\" data-element_type=\"container\" data-settings=\"{&quot;background_background&quot;:&quot;classic&quot;}\">\n\t\t<div class=\"elementor-element elementor-element-70bfcb63 e-con-full e-flex e-con e-child\" data-id=\"70bfcb63\" data-element_type=\"container\">\n\t\t<div class=\"elementor-element elementor-element-695eda33 animated-slow e-con-full e-flex elementor-invisible e-con e-child\" data-id=\"695eda33\" data-element_type=\"container\" data-settings=\"{&quot;animation&quot;:&quot;fadeInUp&quot;,&quot;animation_delay&quot;:150}\">\n\t\t<div class=\"elementor-element elementor-element-1dcc367b e-con-full e-flex e-con e-child\" data-id=\"1dcc367b\" data-element_type=\"container\">\n\t\t\t\t<div class=\"elementor-element elementor-element-297d385c elementor-widget elementor-widget-image\" data-id=\"297d385c\" data-element_type=\"widget\" data-widget_type=\"image.default\">\n\t\t\t\t\t\t\t\t\t\t\t\t\t\t\t<img decoding=\"async\" width=\"800\" height=\"450\" src=\"https:\/\/barreaudutanganyika.org\/wp-content\/uploads\/2025\/09\/fond-barreau-default-1024x576.jpg\" class=\"attachment-large size-large wp-image-1567\" alt=\"\" srcset=\"https:\/\/barreaudutanganyika.org\/wp-content\/uploads\/2025\/09\/fond-barreau-default-1024x576.jpg 1024w, https:\/\/barreaudutanganyika.org\/wp-content\/uploads\/2025\/09\/fond-barreau-default-300x169.jpg 300w, https:\/\/barreaudutanganyika.org\/wp-content\/uploads\/2025\/09\/fond-barreau-default-768x432.jpg 768w, https:\/\/barreaudutanganyika.org\/wp-content\/uploads\/2025\/09\/fond-barreau-default-1536x864.jpg 1536w, https:\/\/barreaudutanganyika.org\/wp-content\/uploads\/2025\/09\/fond-barreau-default.jpg 1920w\" sizes=\"(max-width: 800px) 100vw, 800px\" \/>\t\t\t\t\t\t\t\t\t\t\t\t\t\t\t<\/div>\n\t\t\t\t<div class=\"elementor-element elementor-element-2cfb1657 elementor-widget__width-initial animated-slow elementor-invisible elementor-widget elementor-widget-spacer\" data-id=\"2cfb1657\" data-element_type=\"widget\" data-settings=\"{&quot;_animation&quot;:&quot;rotateInDownLeft&quot;}\" data-widget_type=\"spacer.default\">\n\t\t\t\t\t\t\t<div class=\"elementor-spacer\">\n\t\t\t<div class=\"elementor-spacer-inner\"><\/div>\n\t\t<\/div>\n\t\t\t\t\t\t<\/div>\n\t\t\t\t<div class=\"elementor-element elementor-element-49fa223 elementor-cta--layout-image-left elementor-cta--skin-classic elementor-animated-content elementor-bg-transform elementor-bg-transform-zoom-in elementor-widget elementor-widget-call-to-action\" data-id=\"49fa223\" data-element_type=\"widget\" data-widget_type=\"call-to-action.default\">\n\t\t\t\t\t\t\t<div class=\"elementor-cta\">\n\t\t\t\t\t\t\t<div class=\"elementor-cta__content\">\n\t\t\t\t\n\t\t\t\t\t\t\t\t\t<h2 class=\"elementor-cta__title elementor-cta__content-item elementor-content-item\">\n\t\t\t\t\t\tactivites du batonnier\t\t\t\t\t<\/h2>\n\t\t\t\t\n\t\t\t\t\n\t\t\t\t\t\t\t\t\t<div class=\"elementor-cta__button-wrapper elementor-cta__content-item elementor-content-item \">\n\t\t\t\t\t<a class=\"elementor-cta__button elementor-button elementor-size-\" href=\"https:\/\/barreaudutanganyika.org\/index.php\/galerie-batonnier-2018-2025\/\">\n\t\t\t\t\t\tGalerie &gt;\t\t\t\t\t<\/a>\n\t\t\t\t\t<\/div>\n\t\t\t\t\t\t\t<\/div>\n\t\t\t\t\t\t<\/div>\n\t\t\t\t\t\t<\/div>\n\t\t\t\t<\/div>\n\t\t\t\t<\/div>\n\t\t<div class=\"elementor-element elementor-element-79308ec0 animated-slow e-con-full e-flex elementor-invisible e-con e-child\" data-id=\"79308ec0\" data-element_type=\"container\" data-settings=\"{&quot;animation&quot;:&quot;fadeInUp&quot;,&quot;animation_delay&quot;:300}\">\n\t\t<div class=\"elementor-element elementor-element-7fd84717 e-con-full e-flex e-con e-child\" data-id=\"7fd84717\" data-element_type=\"container\">\n\t\t\t\t<div class=\"elementor-element elementor-element-72d17ce2 elementor-widget elementor-widget-image\" data-id=\"72d17ce2\" data-element_type=\"widget\" data-widget_type=\"image.default\">\n\t\t\t\t\t\t\t\t\t\t\t\t\t\t\t<img decoding=\"async\" width=\"800\" height=\"450\" src=\"https:\/\/barreaudutanganyika.org\/wp-content\/uploads\/2025\/09\/fond-barreau-default-1024x576.jpg\" class=\"attachment-large size-large wp-image-1567\" alt=\"\" srcset=\"https:\/\/barreaudutanganyika.org\/wp-content\/uploads\/2025\/09\/fond-barreau-default-1024x576.jpg 1024w, https:\/\/barreaudutanganyika.org\/wp-content\/uploads\/2025\/09\/fond-barreau-default-300x169.jpg 300w, https:\/\/barreaudutanganyika.org\/wp-content\/uploads\/2025\/09\/fond-barreau-default-768x432.jpg 768w, https:\/\/barreaudutanganyika.org\/wp-content\/uploads\/2025\/09\/fond-barreau-default-1536x864.jpg 1536w, https:\/\/barreaudutanganyika.org\/wp-content\/uploads\/2025\/09\/fond-barreau-default.jpg 1920w\" sizes=\"(max-width: 800px) 100vw, 800px\" \/>\t\t\t\t\t\t\t\t\t\t\t\t\t\t\t<\/div>\n\t\t\t\t<div class=\"elementor-element elementor-element-ea7c097 elementor-cta--layout-image-left elementor-cta--skin-classic elementor-animated-content elementor-bg-transform elementor-bg-transform-zoom-in elementor-widget elementor-widget-call-to-action\" data-id=\"ea7c097\" data-element_type=\"widget\" data-widget_type=\"call-to-action.default\">\n\t\t\t\t\t\t\t<div class=\"elementor-cta\">\n\t\t\t\t\t\t\t<div class=\"elementor-cta__content\">\n\t\t\t\t\n\t\t\t\t\t\t\t\t\t<h2 class=\"elementor-cta__title elementor-cta__content-item elementor-content-item\">\n\t\t\t\t\t\tlettres du batonnier \t\t\t\t\t<\/h2>\n\t\t\t\t\n\t\t\t\t\n\t\t\t\t\t\t\t\t\t<div class=\"elementor-cta__button-wrapper elementor-cta__content-item elementor-content-item \">\n\t\t\t\t\t<a class=\"elementor-cta__button elementor-button elementor-size-\" href=\"https:\/\/barreaudutanganyika.org\/index.php\/lettres-du-batonnier-2018-2025\/\">\n\t\t\t\t\t\tT\u00e9l\u00e9charger &gt;\t\t\t\t\t<\/a>\n\t\t\t\t\t<\/div>\n\t\t\t\t\t\t\t<\/div>\n\t\t\t\t\t\t<\/div>\n\t\t\t\t\t\t<\/div>\n\t\t\t\t<\/div>\n\t\t\t\t<\/div>\n\t\t<div class=\"elementor-element elementor-element-7cf67488 animated-slow e-con-full e-flex elementor-invisible e-con e-child\" data-id=\"7cf67488\" data-element_type=\"container\" data-settings=\"{&quot;animation&quot;:&quot;fadeInUp&quot;,&quot;animation_delay&quot;:600}\">\n\t\t<div class=\"elementor-element elementor-element-2cbf5699 e-con-full e-flex e-con e-child\" data-id=\"2cbf5699\" data-element_type=\"container\">\n\t\t\t\t<div class=\"elementor-element elementor-element-5af9406b elementor-widget elementor-widget-image\" data-id=\"5af9406b\" data-element_type=\"widget\" data-widget_type=\"image.default\">\n\t\t\t\t\t\t\t\t\t\t\t\t\t\t\t<img decoding=\"async\" width=\"800\" height=\"450\" src=\"https:\/\/barreaudutanganyika.org\/wp-content\/uploads\/2025\/09\/fond-barreau-default-1024x576.jpg\" class=\"attachment-large size-large wp-image-1567\" alt=\"\" srcset=\"https:\/\/barreaudutanganyika.org\/wp-content\/uploads\/2025\/09\/fond-barreau-default-1024x576.jpg 1024w, https:\/\/barreaudutanganyika.org\/wp-content\/uploads\/2025\/09\/fond-barreau-default-300x169.jpg 300w, https:\/\/barreaudutanganyika.org\/wp-content\/uploads\/2025\/09\/fond-barreau-default-768x432.jpg 768w, https:\/\/barreaudutanganyika.org\/wp-content\/uploads\/2025\/09\/fond-barreau-default-1536x864.jpg 1536w, https:\/\/barreaudutanganyika.org\/wp-content\/uploads\/2025\/09\/fond-barreau-default.jpg 1920w\" sizes=\"(max-width: 800px) 100vw, 800px\" \/>\t\t\t\t\t\t\t\t\t\t\t\t\t\t\t<\/div>\n\t\t\t\t<div class=\"elementor-element elementor-element-78f6b98 elementor-cta--layout-image-left elementor-cta--skin-classic elementor-animated-content elementor-bg-transform elementor-bg-transform-zoom-in elementor-widget elementor-widget-call-to-action\" data-id=\"78f6b98\" data-element_type=\"widget\" data-widget_type=\"call-to-action.default\">\n\t\t\t\t\t\t\t<div class=\"elementor-cta\">\n\t\t\t\t\t\t\t<div class=\"elementor-cta__content\">\n\t\t\t\t\n\t\t\t\t\t\t\t\t\t<h2 class=\"elementor-cta__title elementor-cta__content-item elementor-content-item\">\n\t\t\t\t\t\tprenez rendez-vous\t\t\t\t\t<\/h2>\n\t\t\t\t\n\t\t\t\t\n\t\t\t\t\t\t\t\t\t<div class=\"elementor-cta__button-wrapper elementor-cta__content-item elementor-content-item \">\n\t\t\t\t\t<a class=\"elementor-cta__button elementor-button elementor-size-\" href=\"https:\/\/barreaudutanganyika.org\/index.php\/audience\/\">\n\t\t\t\t\t\tAudience &gt;\t\t\t\t\t<\/a>\n\t\t\t\t\t<\/div>\n\t\t\t\t\t\t\t<\/div>\n\t\t\t\t\t\t<\/div>\n\t\t\t\t\t\t<\/div>\n\t\t\t\t<\/div>\n\t\t\t\t<\/div>\n\t\t\t\t<\/div>\n\t\t\t\t<\/div>\n\t\t\t\t<\/div>\n\t\t","protected":false},"excerpt":{"rendered":"<p>B\u00e2tonnier Alex Kabinda Ngoy Alex Kabinda Ngoy n\u00e9 en 1972, est le fils du Procureur G\u00e9n\u00e9ral Floribert Luhonge Kabinda Ngoy. Il est originaire de la Province du Tanganyika o\u00f9 il a commenc\u00e9 son cursus scolaire avant de se d\u00e9v\u00e9lopper \u00e0 Lubumbashi et Kinshasa puis Bruxelles. Pr\u00e9sentation du B\u00e2tonnier Ma\u00eetre Alex KABINDA NGOY est le B\u00e2tonnier [&hellip;]<\/p>\n","protected":false},"author":1,"featured_media":0,"parent":0,"menu_order":0,"comment_status":"closed","ping_status":"closed","template":"","meta":{"footnotes":""},"class_list":["post-1313","page","type-page","status-publish","hentry"],"yoast_head":"<!-- This site is optimized with the Yoast SEO plugin v26.0 - https:\/\/yoast.com\/wordpress\/plugins\/seo\/ -->\n<title>B\u00e2tonnier en fonction - Barreau du Tanganyika<\/title>\n<meta name=\"robots\" content=\"index, follow, max-snippet:-1, max-image-preview:large, max-video-preview:-1\" \/>\n<link rel=\"canonical\" href=\"https:\/\/barreaudutanganyika.org\/index.php\/batonnier-3\/\" \/>\n<meta property=\"og:locale\" content=\"fr_FR\" \/>\n<meta property=\"og:type\" content=\"article\" \/>\n<meta property=\"og:title\" content=\"B\u00e2tonnier en fonction - Barreau du Tanganyika\" \/>\n<meta property=\"og:description\" content=\"B\u00e2tonnier Alex Kabinda Ngoy Alex Kabinda Ngoy n\u00e9 en 1972, est le fils du Procureur G\u00e9n\u00e9ral Floribert Luhonge Kabinda Ngoy. Il est originaire de la Province du Tanganyika o\u00f9 il a commenc\u00e9 son cursus scolaire avant de se d\u00e9v\u00e9lopper \u00e0 Lubumbashi et Kinshasa puis Bruxelles. Pr\u00e9sentation du B\u00e2tonnier Ma\u00eetre Alex KABINDA NGOY est le B\u00e2tonnier [&hellip;]\" \/>\n<meta property=\"og:url\" content=\"https:\/\/barreaudutanganyika.org\/index.php\/batonnier-3\/\" \/>\n<meta property=\"og:site_name\" content=\"Barreau du Tanganyika\" \/>\n<meta property=\"article:modified_time\" content=\"2025-10-02T18:22:06+00:00\" \/>\n<meta property=\"og:image\" content=\"https:\/\/barreaudutanganyika.org\/wp-content\/uploads\/2025\/09\/barreau-tanganyika-1600x1244-1.jpg\" \/>\n\t<meta property=\"og:image:width\" content=\"1600\" \/>\n\t<meta property=\"og:image:height\" content=\"1244\" \/>\n\t<meta property=\"og:image:type\" content=\"image\/jpeg\" \/>\n<meta name=\"twitter:card\" content=\"summary_large_image\" \/>\n<meta name=\"twitter:label1\" content=\"Dur\u00e9e de lecture estim\u00e9e\" \/>\n\t<meta name=\"twitter:data1\" content=\"2 minutes\" \/>\n<script type=\"application\/ld+json\" class=\"yoast-schema-graph\">{\"@context\":\"https:\/\/schema.org\",\"@graph\":[{\"@type\":\"WebPage\",\"@id\":\"https:\/\/barreaudutanganyika.org\/index.php\/batonnier-3\/\",\"url\":\"https:\/\/barreaudutanganyika.org\/index.php\/batonnier-3\/\",\"name\":\"B\u00e2tonnier en fonction - Barreau du Tanganyika\",\"isPartOf\":{\"@id\":\"https:\/\/barreaudutanganyika.org\/#website\"},\"primaryImageOfPage\":{\"@id\":\"https:\/\/barreaudutanganyika.org\/index.php\/batonnier-3\/#primaryimage\"},\"image\":{\"@id\":\"https:\/\/barreaudutanganyika.org\/index.php\/batonnier-3\/#primaryimage\"},\"thumbnailUrl\":\"https:\/\/barreaudutanganyika.org\/wp-content\/uploads\/2025\/09\/barreau-tanganyika-1600x1244-1-1024x796.jpg\",\"datePublished\":\"2025-09-27T13:42:49+00:00\",\"dateModified\":\"2025-10-02T18:22:06+00:00\",\"breadcrumb\":{\"@id\":\"https:\/\/barreaudutanganyika.org\/index.php\/batonnier-3\/#breadcrumb\"},\"inLanguage\":\"fr-FR\",\"potentialAction\":[{\"@type\":\"ReadAction\",\"target\":[\"https:\/\/barreaudutanganyika.org\/index.php\/batonnier-3\/\"]}]},{\"@type\":\"ImageObject\",\"inLanguage\":\"fr-FR\",\"@id\":\"https:\/\/barreaudutanganyika.org\/index.php\/batonnier-3\/#primaryimage\",\"url\":\"https:\/\/barreaudutanganyika.org\/wp-content\/uploads\/2025\/09\/barreau-tanganyika-1600x1244-1.jpg\",\"contentUrl\":\"https:\/\/barreaudutanganyika.org\/wp-content\/uploads\/2025\/09\/barreau-tanganyika-1600x1244-1.jpg\",\"width\":1600,\"height\":1244,\"caption\":\"B\u00e2tonnier image 2\"},{\"@type\":\"BreadcrumbList\",\"@id\":\"https:\/\/barreaudutanganyika.org\/index.php\/batonnier-3\/#breadcrumb\",\"itemListElement\":[{\"@type\":\"ListItem\",\"position\":1,\"name\":\"Accueil\",\"item\":\"https:\/\/barreaudutanganyika.org\/\"},{\"@type\":\"ListItem\",\"position\":2,\"name\":\"B\u00e2tonnier en fonction\"}]},{\"@type\":\"WebSite\",\"@id\":\"https:\/\/barreaudutanganyika.org\/#website\",\"url\":\"https:\/\/barreaudutanganyika.org\/\",\"name\":\"Barreau du Tanganyika\",\"description\":\"Service juridique pour les avocats\",\"publisher\":{\"@id\":\"https:\/\/barreaudutanganyika.org\/#organization\"},\"potentialAction\":[{\"@type\":\"SearchAction\",\"target\":{\"@type\":\"EntryPoint\",\"urlTemplate\":\"https:\/\/barreaudutanganyika.org\/?s={search_term_string}\"},\"query-input\":{\"@type\":\"PropertyValueSpecification\",\"valueRequired\":true,\"valueName\":\"search_term_string\"}}],\"inLanguage\":\"fr-FR\"},{\"@type\":\"Organization\",\"@id\":\"https:\/\/barreaudutanganyika.org\/#organization\",\"name\":\"BARREAU DU TANGANYIKA\",\"url\":\"https:\/\/barreaudutanganyika.org\/\",\"logo\":{\"@type\":\"ImageObject\",\"inLanguage\":\"fr-FR\",\"@id\":\"https:\/\/barreaudutanganyika.org\/#\/schema\/logo\/image\/\",\"url\":\"https:\/\/barreaudutanganyika.org\/wp-content\/uploads\/2025\/09\/logo-barreau-couleur-e1757684624614.png\",\"contentUrl\":\"https:\/\/barreaudutanganyika.org\/wp-content\/uploads\/2025\/09\/logo-barreau-couleur-e1757684624614.png\",\"width\":2276,\"height\":747,\"caption\":\"BARREAU DU TANGANYIKA\"},\"image\":{\"@id\":\"https:\/\/barreaudutanganyika.org\/#\/schema\/logo\/image\/\"}}]}<\/script>\n<!-- \/ Yoast SEO plugin. -->","yoast_head_json":{"title":"B\u00e2tonnier en fonction - Barreau du Tanganyika","robots":{"index":"index","follow":"follow","max-snippet":"max-snippet:-1","max-image-preview":"max-image-preview:large","max-video-preview":"max-video-preview:-1"},"canonical":"https:\/\/barreaudutanganyika.org\/index.php\/batonnier-3\/","og_locale":"fr_FR","og_type":"article","og_title":"B\u00e2tonnier en fonction - Barreau du Tanganyika","og_description":"B\u00e2tonnier Alex Kabinda Ngoy Alex Kabinda Ngoy n\u00e9 en 1972, est le fils du Procureur G\u00e9n\u00e9ral Floribert Luhonge Kabinda Ngoy. Il est originaire de la Province du Tanganyika o\u00f9 il a commenc\u00e9 son cursus scolaire avant de se d\u00e9v\u00e9lopper \u00e0 Lubumbashi et Kinshasa puis Bruxelles. Pr\u00e9sentation du B\u00e2tonnier Ma\u00eetre Alex KABINDA NGOY est le B\u00e2tonnier [&hellip;]","og_url":"https:\/\/barreaudutanganyika.org\/index.php\/batonnier-3\/","og_site_name":"Barreau du Tanganyika","article_modified_time":"2025-10-02T18:22:06+00:00","og_image":[{"width":1600,"height":1244,"url":"https:\/\/barreaudutanganyika.org\/wp-content\/uploads\/2025\/09\/barreau-tanganyika-1600x1244-1.jpg","type":"image\/jpeg"}],"twitter_card":"summary_large_image","twitter_misc":{"Dur\u00e9e de lecture estim\u00e9e":"2 minutes"},"schema":{"@context":"https:\/\/schema.org","@graph":[{"@type":"WebPage","@id":"https:\/\/barreaudutanganyika.org\/index.php\/batonnier-3\/","url":"https:\/\/barreaudutanganyika.org\/index.php\/batonnier-3\/","name":"B\u00e2tonnier en fonction - Barreau du Tanganyika","isPartOf":{"@id":"https:\/\/barreaudutanganyika.org\/#website"},"primaryImageOfPage":{"@id":"https:\/\/barreaudutanganyika.org\/index.php\/batonnier-3\/#primaryimage"},"image":{"@id":"https:\/\/barreaudutanganyika.org\/index.php\/batonnier-3\/#primaryimage"},"thumbnailUrl":"https:\/\/barreaudutanganyika.org\/wp-content\/uploads\/2025\/09\/barreau-tanganyika-1600x1244-1-1024x796.jpg","datePublished":"2025-09-27T13:42:49+00:00","dateModified":"2025-10-02T18:22:06+00:00","breadcrumb":{"@id":"https:\/\/barreaudutanganyika.org\/index.php\/batonnier-3\/#breadcrumb"},"inLanguage":"fr-FR","potentialAction":[{"@type":"ReadAction","target":["https:\/\/barreaudutanganyika.org\/index.php\/batonnier-3\/"]}]},{"@type":"ImageObject","inLanguage":"fr-FR","@id":"https:\/\/barreaudutanganyika.org\/index.php\/batonnier-3\/#primaryimage","url":"https:\/\/barreaudutanganyika.org\/wp-content\/uploads\/2025\/09\/barreau-tanganyika-1600x1244-1.jpg","contentUrl":"https:\/\/barreaudutanganyika.org\/wp-content\/uploads\/2025\/09\/barreau-tanganyika-1600x1244-1.jpg","width":1600,"height":1244,"caption":"B\u00e2tonnier image 2"},{"@type":"BreadcrumbList","@id":"https:\/\/barreaudutanganyika.org\/index.php\/batonnier-3\/#breadcrumb","itemListElement":[{"@type":"ListItem","position":1,"name":"Accueil","item":"https:\/\/barreaudutanganyika.org\/"},{"@type":"ListItem","position":2,"name":"B\u00e2tonnier en fonction"}]},{"@type":"WebSite","@id":"https:\/\/barreaudutanganyika.org\/#website","url":"https:\/\/barreaudutanganyika.org\/","name":"Barreau du Tanganyika","description":"Service juridique pour les avocats","publisher":{"@id":"https:\/\/barreaudutanganyika.org\/#organization"},"potentialAction":[{"@type":"SearchAction","target":{"@type":"EntryPoint","urlTemplate":"https:\/\/barreaudutanganyika.org\/?s={search_term_string}"},"query-input":{"@type":"PropertyValueSpecification","valueRequired":true,"valueName":"search_term_string"}}],"inLanguage":"fr-FR"},{"@type":"Organization","@id":"https:\/\/barreaudutanganyika.org\/#organization","name":"BARREAU DU TANGANYIKA","url":"https:\/\/barreaudutanganyika.org\/","logo":{"@type":"ImageObject","inLanguage":"fr-FR","@id":"https:\/\/barreaudutanganyika.org\/#\/schema\/logo\/image\/","url":"https:\/\/barreaudutanganyika.org\/wp-content\/uploads\/2025\/09\/logo-barreau-couleur-e1757684624614.png","contentUrl":"https:\/\/barreaudutanganyika.org\/wp-content\/uploads\/2025\/09\/logo-barreau-couleur-e1757684624614.png","width":2276,"height":747,"caption":"BARREAU DU TANGANYIKA"},"image":{"@id":"https:\/\/barreaudutanganyika.org\/#\/schema\/logo\/image\/"}}]}},"jetpack_sharing_enabled":true,"_links":{"self":[{"href":"https:\/\/barreaudutanganyika.org\/index.php\/wp-json\/wp\/v2\/pages\/1313","targetHints":{"allow":["GET"]}}],"collection":[{"href":"https:\/\/barreaudutanganyika.org\/index.php\/wp-json\/wp\/v2\/pages"}],"about":[{"href":"https:\/\/barreaudutanganyika.org\/index.php\/wp-json\/wp\/v2\/types\/page"}],"author":[{"embeddable":true,"href":"https:\/\/barreaudutanganyika.org\/index.php\/wp-json\/wp\/v2\/users\/1"}],"replies":[{"embeddable":true,"href":"https:\/\/barreaudutanganyika.org\/index.php\/wp-json\/wp\/v2\/comments?post=1313"}],"version-history":[{"count":59,"href":"https:\/\/barreaudutanganyika.org\/index.php\/wp-json\/wp\/v2\/pages\/1313\/revisions"}],"predecessor-version":[{"id":2168,"href":"https:\/\/barreaudutanganyika.org\/index.php\/wp-json\/wp\/v2\/pages\/1313\/revisions\/2168"}],"wp:attachment":[{"href":"https:\/\/barreaudutanganyika.org\/index.php\/wp-json\/wp\/v2\/media?parent=1313"}],"curies":[{"name":"wp","href":"https:\/\/api.w.org\/{rel}","templated":true}]}}