{"id":134,"date":"2025-09-15T18:06:29","date_gmt":"2025-09-15T16:06:29","guid":{"rendered":"https:\/\/barreaudutanganyika.org\/index.php\/ancien-batonnier\/"},"modified":"2025-09-29T17:16:38","modified_gmt":"2025-09-29T15:16:38","slug":"ancien-batonnier","status":"publish","type":"page","link":"https:\/\/barreaudutanganyika.org\/index.php\/ancien-batonnier\/","title":{"rendered":"Ancien B\u00e2tonnier"},"content":{"rendered":"\t\t<div data-elementor-type=\"wp-page\" data-elementor-id=\"134\" class=\"elementor elementor-134\" data-elementor-post-type=\"page\">\n\t\t\t\t<div class=\"elementor-element elementor-element-84934be e-flex e-con-boxed e-con e-parent\" data-id=\"84934be\" data-element_type=\"container\">\n\t\t\t\t\t<div class=\"e-con-inner\">\n\t\t<div class=\"elementor-element elementor-element-68b8cbd e-con-full e-flex e-con e-child\" data-id=\"68b8cbd\" data-element_type=\"container\">\n\t\t\t\t<div class=\"elementor-element elementor-element-de2d112 elementor-widget elementor-widget-heading\" data-id=\"de2d112\" data-element_type=\"widget\" data-widget_type=\"heading.default\">\n\t\t\t\t\t<h2 class=\"elementor-heading-title elementor-size-default\">Chronologie des anciens b\u00e2tonniers<\/h2>\t\t\t\t<\/div>\n\t\t\t\t<\/div>\n\t\t<div class=\"elementor-element elementor-element-5b54ddd e-con-full e-flex e-con e-child\" data-id=\"5b54ddd\" data-element_type=\"container\">\n\t\t<div class=\"elementor-element elementor-element-1186db6 e-con-full e-flex e-con e-child\" data-id=\"1186db6\" data-element_type=\"container\">\n\t\t<div class=\"elementor-element elementor-element-5b6d5ca e-con-full e-flex e-con e-child\" data-id=\"5b6d5ca\" data-element_type=\"container\">\n\t\t\t\t<div class=\"elementor-element elementor-element-c6de9d4 elementor-position-top elementor-widget elementor-widget-image-box\" data-id=\"c6de9d4\" data-element_type=\"widget\" data-widget_type=\"image-box.default\">\n\t\t\t\t\t<div class=\"elementor-image-box-wrapper\"><figure class=\"elementor-image-box-img\"><a href=\"https:\/\/barreaudutanganyika.org\/index.php\/ancien-batonnier-barreau\/\" tabindex=\"-1\"><img fetchpriority=\"high\" decoding=\"async\" width=\"1600\" height=\"1244\" src=\"https:\/\/barreaudutanganyika.org\/wp-content\/uploads\/2025\/09\/barreau-tanganyika-1600x1244-1.jpg\" class=\"attachment-2048x2048 size-2048x2048 wp-image-282\" alt=\"\" srcset=\"https:\/\/barreaudutanganyika.org\/wp-content\/uploads\/2025\/09\/barreau-tanganyika-1600x1244-1.jpg 1600w, https:\/\/barreaudutanganyika.org\/wp-content\/uploads\/2025\/09\/barreau-tanganyika-1600x1244-1-300x233.jpg 300w, https:\/\/barreaudutanganyika.org\/wp-content\/uploads\/2025\/09\/barreau-tanganyika-1600x1244-1-1024x796.jpg 1024w, https:\/\/barreaudutanganyika.org\/wp-content\/uploads\/2025\/09\/barreau-tanganyika-1600x1244-1-768x597.jpg 768w, https:\/\/barreaudutanganyika.org\/wp-content\/uploads\/2025\/09\/barreau-tanganyika-1600x1244-1-1536x1194.jpg 1536w\" sizes=\"(max-width: 1600px) 100vw, 1600px\" \/><\/a><\/figure><div class=\"elementor-image-box-content\"><h3 class=\"elementor-image-box-title\"><a href=\"https:\/\/barreaudutanganyika.org\/index.php\/ancien-batonnier-barreau\/\">2018 - 2025<\/a><\/h3><p class=\"elementor-image-box-description\">B\u00e2tonnier A<b>lex KABINDA NGOY<\/b>.<\/p><\/div><\/div>\t\t\t\t<\/div>\n\t\t\t\t<\/div>\n\t\t<div class=\"elementor-element elementor-element-a48d3fe e-con-full e-flex e-con e-child\" data-id=\"a48d3fe\" data-element_type=\"container\">\n\t\t\t\t<div class=\"elementor-element elementor-element-1dd0793 elementor-position-top elementor-widget elementor-widget-image-box\" data-id=\"1dd0793\" data-element_type=\"widget\" data-widget_type=\"image-box.default\">\n\t\t\t\t\t<div class=\"elementor-image-box-wrapper\"><figure class=\"elementor-image-box-img\"><img decoding=\"async\" width=\"1920\" height=\"1280\" src=\"https:\/\/barreaudutanganyika.org\/wp-content\/uploads\/2025\/09\/sasun-bughdaryan-oA1aVtEcWaE-unsplash-2048x1365.webp\" class=\"attachment-2048x2048 size-2048x2048 wp-image-759\" alt=\"\" srcset=\"https:\/\/barreaudutanganyika.org\/wp-content\/uploads\/2025\/09\/sasun-bughdaryan-oA1aVtEcWaE-unsplash-scaled.webp 1920w, https:\/\/barreaudutanganyika.org\/wp-content\/uploads\/2025\/09\/sasun-bughdaryan-oA1aVtEcWaE-unsplash-300x200.webp 300w, https:\/\/barreaudutanganyika.org\/wp-content\/uploads\/2025\/09\/sasun-bughdaryan-oA1aVtEcWaE-unsplash-1024x683.webp 1024w, https:\/\/barreaudutanganyika.org\/wp-content\/uploads\/2025\/09\/sasun-bughdaryan-oA1aVtEcWaE-unsplash-768x512.webp 768w, https:\/\/barreaudutanganyika.org\/wp-content\/uploads\/2025\/09\/sasun-bughdaryan-oA1aVtEcWaE-unsplash-1536x1024.webp 1536w\" sizes=\"(max-width: 1920px) 100vw, 1920px\" \/><\/figure><div class=\"elementor-image-box-content\"><h3 class=\"elementor-image-box-title\">-<\/h3><p class=\"elementor-image-box-description\">.........<\/p><\/div><\/div>\t\t\t\t<\/div>\n\t\t\t\t<\/div>\n\t\t<div class=\"elementor-element elementor-element-55586a8 e-con-full e-flex e-con e-child\" data-id=\"55586a8\" data-element_type=\"container\">\n\t\t\t\t<div class=\"elementor-element elementor-element-1978ac9 elementor-position-top elementor-widget elementor-widget-image-box\" data-id=\"1978ac9\" data-element_type=\"widget\" data-widget_type=\"image-box.default\">\n\t\t\t\t\t<div class=\"elementor-image-box-wrapper\"><figure class=\"elementor-image-box-img\"><img decoding=\"async\" width=\"1920\" height=\"1280\" src=\"https:\/\/barreaudutanganyika.org\/wp-content\/uploads\/2025\/09\/sasun-bughdaryan-oA1aVtEcWaE-unsplash-scaled.webp\" class=\"attachment-full size-full wp-image-759\" alt=\"\" srcset=\"https:\/\/barreaudutanganyika.org\/wp-content\/uploads\/2025\/09\/sasun-bughdaryan-oA1aVtEcWaE-unsplash-scaled.webp 1920w, https:\/\/barreaudutanganyika.org\/wp-content\/uploads\/2025\/09\/sasun-bughdaryan-oA1aVtEcWaE-unsplash-300x200.webp 300w, https:\/\/barreaudutanganyika.org\/wp-content\/uploads\/2025\/09\/sasun-bughdaryan-oA1aVtEcWaE-unsplash-1024x683.webp 1024w, https:\/\/barreaudutanganyika.org\/wp-content\/uploads\/2025\/09\/sasun-bughdaryan-oA1aVtEcWaE-unsplash-768x512.webp 768w, https:\/\/barreaudutanganyika.org\/wp-content\/uploads\/2025\/09\/sasun-bughdaryan-oA1aVtEcWaE-unsplash-1536x1024.webp 1536w\" sizes=\"(max-width: 1920px) 100vw, 1920px\" \/><\/figure><div class=\"elementor-image-box-content\"><h3 class=\"elementor-image-box-title\">-<\/h3><p class=\"elementor-image-box-description\">.........<\/p><\/div><\/div>\t\t\t\t<\/div>\n\t\t\t\t<\/div>\n\t\t<div class=\"elementor-element elementor-element-a4a9c5c e-con-full e-flex e-con e-child\" data-id=\"a4a9c5c\" data-element_type=\"container\">\n\t\t\t\t<div class=\"elementor-element elementor-element-3a3ad57 elementor-position-top elementor-widget elementor-widget-image-box\" data-id=\"3a3ad57\" data-element_type=\"widget\" data-widget_type=\"image-box.default\">\n\t\t\t\t\t<div class=\"elementor-image-box-wrapper\"><figure class=\"elementor-image-box-img\"><img decoding=\"async\" width=\"1920\" height=\"1280\" src=\"https:\/\/barreaudutanganyika.org\/wp-content\/uploads\/2025\/09\/sasun-bughdaryan-oA1aVtEcWaE-unsplash-scaled.webp\" class=\"attachment-full size-full wp-image-759\" alt=\"\" srcset=\"https:\/\/barreaudutanganyika.org\/wp-content\/uploads\/2025\/09\/sasun-bughdaryan-oA1aVtEcWaE-unsplash-scaled.webp 1920w, https:\/\/barreaudutanganyika.org\/wp-content\/uploads\/2025\/09\/sasun-bughdaryan-oA1aVtEcWaE-unsplash-300x200.webp 300w, https:\/\/barreaudutanganyika.org\/wp-content\/uploads\/2025\/09\/sasun-bughdaryan-oA1aVtEcWaE-unsplash-1024x683.webp 1024w, https:\/\/barreaudutanganyika.org\/wp-content\/uploads\/2025\/09\/sasun-bughdaryan-oA1aVtEcWaE-unsplash-768x512.webp 768w, https:\/\/barreaudutanganyika.org\/wp-content\/uploads\/2025\/09\/sasun-bughdaryan-oA1aVtEcWaE-unsplash-1536x1024.webp 1536w\" sizes=\"(max-width: 1920px) 100vw, 1920px\" \/><\/figure><div class=\"elementor-image-box-content\"><h3 class=\"elementor-image-box-title\">-<\/h3><p class=\"elementor-image-box-description\">.........<\/p><\/div><\/div>\t\t\t\t<\/div>\n\t\t\t\t<\/div>\n\t\t\t\t<\/div>\n\t\t\t\t<\/div>\n\t\t\t\t\t<\/div>\n\t\t\t\t<\/div>\n\t\t\t\t<\/div>\n\t\t","protected":false},"excerpt":{"rendered":"<p>Chronologie des anciens b\u00e2tonniers 2018 &#8211; 2025 B\u00e2tonnier Alex KABINDA NGOY. &#8211; &#8230;&#8230;&#8230; &#8211; &#8230;&#8230;&#8230; &#8211; &#8230;&#8230;&#8230;<\/p>\n","protected":false},"author":1,"featured_media":0,"parent":0,"menu_order":0,"comment_status":"closed","ping_status":"closed","template":"elementor_header_footer","meta":{"footnotes":""},"class_list":["post-134","page","type-page","status-publish","hentry"],"yoast_head":"<!-- This site is optimized with the Yoast SEO plugin v26.0 - https:\/\/yoast.com\/wordpress\/plugins\/seo\/ -->\n<title>Ancien B\u00e2tonnier - Barreau du Tanganyika<\/title>\n<meta name=\"robots\" content=\"index, follow, max-snippet:-1, max-image-preview:large, max-video-preview:-1\" \/>\n<link rel=\"canonical\" href=\"https:\/\/barreaudutanganyika.org\/index.php\/ancien-batonnier\/\" \/>\n<meta property=\"og:locale\" content=\"fr_FR\" \/>\n<meta property=\"og:type\" content=\"article\" \/>\n<meta property=\"og:title\" content=\"Ancien B\u00e2tonnier - Barreau du Tanganyika\" \/>\n<meta property=\"og:description\" content=\"Chronologie des anciens b\u00e2tonniers 2018 &#8211; 2025 B\u00e2tonnier Alex KABINDA NGOY. &#8211; &#8230;&#8230;&#8230; &#8211; &#8230;&#8230;&#8230; &#8211; &#8230;&#8230;&#8230;\" \/>\n<meta property=\"og:url\" content=\"https:\/\/barreaudutanganyika.org\/index.php\/ancien-batonnier\/\" \/>\n<meta property=\"og:site_name\" content=\"Barreau du Tanganyika\" \/>\n<meta property=\"article:modified_time\" content=\"2025-09-29T15:16:38+00:00\" \/>\n<meta property=\"og:image\" content=\"https:\/\/barreaudutanganyika.org\/wp-content\/uploads\/2025\/09\/barreau-tanganyika-1600x1244-1.jpg\" \/>\n\t<meta property=\"og:image:width\" content=\"1600\" \/>\n\t<meta property=\"og:image:height\" content=\"1244\" \/>\n\t<meta property=\"og:image:type\" content=\"image\/jpeg\" \/>\n<meta name=\"twitter:card\" content=\"summary_large_image\" \/>\n<meta name=\"twitter:label1\" content=\"Dur\u00e9e de lecture estim\u00e9e\" \/>\n\t<meta name=\"twitter:data1\" content=\"1 minute\" \/>\n<script type=\"application\/ld+json\" class=\"yoast-schema-graph\">{\"@context\":\"https:\/\/schema.org\",\"@graph\":[{\"@type\":\"WebPage\",\"@id\":\"https:\/\/barreaudutanganyika.org\/index.php\/ancien-batonnier\/\",\"url\":\"https:\/\/barreaudutanganyika.org\/index.php\/ancien-batonnier\/\",\"name\":\"Ancien B\u00e2tonnier - Barreau du Tanganyika\",\"isPartOf\":{\"@id\":\"https:\/\/barreaudutanganyika.org\/#website\"},\"primaryImageOfPage\":{\"@id\":\"https:\/\/barreaudutanganyika.org\/index.php\/ancien-batonnier\/#primaryimage\"},\"image\":{\"@id\":\"https:\/\/barreaudutanganyika.org\/index.php\/ancien-batonnier\/#primaryimage\"},\"thumbnailUrl\":\"https:\/\/barreaudutanganyika.org\/wp-content\/uploads\/2025\/09\/barreau-tanganyika-1600x1244-1.jpg\",\"datePublished\":\"2025-09-15T16:06:29+00:00\",\"dateModified\":\"2025-09-29T15:16:38+00:00\",\"breadcrumb\":{\"@id\":\"https:\/\/barreaudutanganyika.org\/index.php\/ancien-batonnier\/#breadcrumb\"},\"inLanguage\":\"fr-FR\",\"potentialAction\":[{\"@type\":\"ReadAction\",\"target\":[\"https:\/\/barreaudutanganyika.org\/index.php\/ancien-batonnier\/\"]}]},{\"@type\":\"ImageObject\",\"inLanguage\":\"fr-FR\",\"@id\":\"https:\/\/barreaudutanganyika.org\/index.php\/ancien-batonnier\/#primaryimage\",\"url\":\"https:\/\/barreaudutanganyika.org\/wp-content\/uploads\/2025\/09\/barreau-tanganyika-1600x1244-1.jpg\",\"contentUrl\":\"https:\/\/barreaudutanganyika.org\/wp-content\/uploads\/2025\/09\/barreau-tanganyika-1600x1244-1.jpg\",\"width\":1600,\"height\":1244,\"caption\":\"B\u00e2tonnier image 2\"},{\"@type\":\"BreadcrumbList\",\"@id\":\"https:\/\/barreaudutanganyika.org\/index.php\/ancien-batonnier\/#breadcrumb\",\"itemListElement\":[{\"@type\":\"ListItem\",\"position\":1,\"name\":\"Accueil\",\"item\":\"https:\/\/barreaudutanganyika.org\/\"},{\"@type\":\"ListItem\",\"position\":2,\"name\":\"Ancien B\u00e2tonnier\"}]},{\"@type\":\"WebSite\",\"@id\":\"https:\/\/barreaudutanganyika.org\/#website\",\"url\":\"https:\/\/barreaudutanganyika.org\/\",\"name\":\"Barreau du Tanganyika\",\"description\":\"Service juridique pour les avocats\",\"publisher\":{\"@id\":\"https:\/\/barreaudutanganyika.org\/#organization\"},\"potentialAction\":[{\"@type\":\"SearchAction\",\"target\":{\"@type\":\"EntryPoint\",\"urlTemplate\":\"https:\/\/barreaudutanganyika.org\/?s={search_term_string}\"},\"query-input\":{\"@type\":\"PropertyValueSpecification\",\"valueRequired\":true,\"valueName\":\"search_term_string\"}}],\"inLanguage\":\"fr-FR\"},{\"@type\":\"Organization\",\"@id\":\"https:\/\/barreaudutanganyika.org\/#organization\",\"name\":\"BARREAU DU TANGANYIKA\",\"url\":\"https:\/\/barreaudutanganyika.org\/\",\"logo\":{\"@type\":\"ImageObject\",\"inLanguage\":\"fr-FR\",\"@id\":\"https:\/\/barreaudutanganyika.org\/#\/schema\/logo\/image\/\",\"url\":\"https:\/\/barreaudutanganyika.org\/wp-content\/uploads\/2025\/09\/logo-barreau-couleur-e1757684624614.png\",\"contentUrl\":\"https:\/\/barreaudutanganyika.org\/wp-content\/uploads\/2025\/09\/logo-barreau-couleur-e1757684624614.png\",\"width\":2276,\"height\":747,\"caption\":\"BARREAU DU TANGANYIKA\"},\"image\":{\"@id\":\"https:\/\/barreaudutanganyika.org\/#\/schema\/logo\/image\/\"}}]}<\/script>\n<!-- \/ Yoast SEO plugin. -->","yoast_head_json":{"title":"Ancien B\u00e2tonnier - Barreau du Tanganyika","robots":{"index":"index","follow":"follow","max-snippet":"max-snippet:-1","max-image-preview":"max-image-preview:large","max-video-preview":"max-video-preview:-1"},"canonical":"https:\/\/barreaudutanganyika.org\/index.php\/ancien-batonnier\/","og_locale":"fr_FR","og_type":"article","og_title":"Ancien B\u00e2tonnier - Barreau du Tanganyika","og_description":"Chronologie des anciens b\u00e2tonniers 2018 &#8211; 2025 B\u00e2tonnier Alex KABINDA NGOY. &#8211; &#8230;&#8230;&#8230; &#8211; &#8230;&#8230;&#8230; &#8211; &#8230;&#8230;&#8230;","og_url":"https:\/\/barreaudutanganyika.org\/index.php\/ancien-batonnier\/","og_site_name":"Barreau du Tanganyika","article_modified_time":"2025-09-29T15:16:38+00:00","og_image":[{"width":1600,"height":1244,"url":"https:\/\/barreaudutanganyika.org\/wp-content\/uploads\/2025\/09\/barreau-tanganyika-1600x1244-1.jpg","type":"image\/jpeg"}],"twitter_card":"summary_large_image","twitter_misc":{"Dur\u00e9e de lecture estim\u00e9e":"1 minute"},"schema":{"@context":"https:\/\/schema.org","@graph":[{"@type":"WebPage","@id":"https:\/\/barreaudutanganyika.org\/index.php\/ancien-batonnier\/","url":"https:\/\/barreaudutanganyika.org\/index.php\/ancien-batonnier\/","name":"Ancien B\u00e2tonnier - Barreau du Tanganyika","isPartOf":{"@id":"https:\/\/barreaudutanganyika.org\/#website"},"primaryImageOfPage":{"@id":"https:\/\/barreaudutanganyika.org\/index.php\/ancien-batonnier\/#primaryimage"},"image":{"@id":"https:\/\/barreaudutanganyika.org\/index.php\/ancien-batonnier\/#primaryimage"},"thumbnailUrl":"https:\/\/barreaudutanganyika.org\/wp-content\/uploads\/2025\/09\/barreau-tanganyika-1600x1244-1.jpg","datePublished":"2025-09-15T16:06:29+00:00","dateModified":"2025-09-29T15:16:38+00:00","breadcrumb":{"@id":"https:\/\/barreaudutanganyika.org\/index.php\/ancien-batonnier\/#breadcrumb"},"inLanguage":"fr-FR","potentialAction":[{"@type":"ReadAction","target":["https:\/\/barreaudutanganyika.org\/index.php\/ancien-batonnier\/"]}]},{"@type":"ImageObject","inLanguage":"fr-FR","@id":"https:\/\/barreaudutanganyika.org\/index.php\/ancien-batonnier\/#primaryimage","url":"https:\/\/barreaudutanganyika.org\/wp-content\/uploads\/2025\/09\/barreau-tanganyika-1600x1244-1.jpg","contentUrl":"https:\/\/barreaudutanganyika.org\/wp-content\/uploads\/2025\/09\/barreau-tanganyika-1600x1244-1.jpg","width":1600,"height":1244,"caption":"B\u00e2tonnier image 2"},{"@type":"BreadcrumbList","@id":"https:\/\/barreaudutanganyika.org\/index.php\/ancien-batonnier\/#breadcrumb","itemListElement":[{"@type":"ListItem","position":1,"name":"Accueil","item":"https:\/\/barreaudutanganyika.org\/"},{"@type":"ListItem","position":2,"name":"Ancien B\u00e2tonnier"}]},{"@type":"WebSite","@id":"https:\/\/barreaudutanganyika.org\/#website","url":"https:\/\/barreaudutanganyika.org\/","name":"Barreau du Tanganyika","description":"Service juridique pour les avocats","publisher":{"@id":"https:\/\/barreaudutanganyika.org\/#organization"},"potentialAction":[{"@type":"SearchAction","target":{"@type":"EntryPoint","urlTemplate":"https:\/\/barreaudutanganyika.org\/?s={search_term_string}"},"query-input":{"@type":"PropertyValueSpecification","valueRequired":true,"valueName":"search_term_string"}}],"inLanguage":"fr-FR"},{"@type":"Organization","@id":"https:\/\/barreaudutanganyika.org\/#organization","name":"BARREAU DU TANGANYIKA","url":"https:\/\/barreaudutanganyika.org\/","logo":{"@type":"ImageObject","inLanguage":"fr-FR","@id":"https:\/\/barreaudutanganyika.org\/#\/schema\/logo\/image\/","url":"https:\/\/barreaudutanganyika.org\/wp-content\/uploads\/2025\/09\/logo-barreau-couleur-e1757684624614.png","contentUrl":"https:\/\/barreaudutanganyika.org\/wp-content\/uploads\/2025\/09\/logo-barreau-couleur-e1757684624614.png","width":2276,"height":747,"caption":"BARREAU DU TANGANYIKA"},"image":{"@id":"https:\/\/barreaudutanganyika.org\/#\/schema\/logo\/image\/"}}]}},"jetpack_sharing_enabled":true,"_links":{"self":[{"href":"https:\/\/barreaudutanganyika.org\/index.php\/wp-json\/wp\/v2\/pages\/134","targetHints":{"allow":["GET"]}}],"collection":[{"href":"https:\/\/barreaudutanganyika.org\/index.php\/wp-json\/wp\/v2\/pages"}],"about":[{"href":"https:\/\/barreaudutanganyika.org\/index.php\/wp-json\/wp\/v2\/types\/page"}],"author":[{"embeddable":true,"href":"https:\/\/barreaudutanganyika.org\/index.php\/wp-json\/wp\/v2\/users\/1"}],"replies":[{"embeddable":true,"href":"https:\/\/barreaudutanganyika.org\/index.php\/wp-json\/wp\/v2\/comments?post=134"}],"version-history":[{"count":37,"href":"https:\/\/barreaudutanganyika.org\/index.php\/wp-json\/wp\/v2\/pages\/134\/revisions"}],"predecessor-version":[{"id":1475,"href":"https:\/\/barreaudutanganyika.org\/index.php\/wp-json\/wp\/v2\/pages\/134\/revisions\/1475"}],"wp:attachment":[{"href":"https:\/\/barreaudutanganyika.org\/index.php\/wp-json\/wp\/v2\/media?parent=134"}],"curies":[{"name":"wp","href":"https:\/\/api.w.org\/{rel}","templated":true}]}}