{"id":463,"date":"2025-09-17T02:35:14","date_gmt":"2025-09-17T00:35:14","guid":{"rendered":"https:\/\/barreaudutanganyika.org\/?page_id=463"},"modified":"2025-10-02T19:39:47","modified_gmt":"2025-10-02T17:39:47","slug":"inscription-complementaire","status":"publish","type":"page","link":"https:\/\/barreaudutanganyika.org\/index.php\/inscription-complementaire\/","title":{"rendered":"Inscription complementaire"},"content":{"rendered":"\t\t<div data-elementor-type=\"wp-page\" data-elementor-id=\"463\" class=\"elementor elementor-463\" data-elementor-post-type=\"page\">\n\t\t\t\t<div class=\"elementor-element elementor-element-50fbec9a e-con-full e-flex e-con e-parent\" data-id=\"50fbec9a\" data-element_type=\"container\" id=\"footer\" data-settings=\"{&quot;background_background&quot;:&quot;classic&quot;}\">\n\t\t\t\t<div class=\"elementor-element elementor-element-5b53dfc elementor-widget elementor-widget-heading\" data-id=\"5b53dfc\" data-element_type=\"widget\" data-widget_type=\"heading.default\">\n\t\t\t\t\t<h2 class=\"elementor-heading-title elementor-size-default\">inscription complementaire<\/h2>\t\t\t\t<\/div>\n\t\t<div class=\"elementor-element elementor-element-a7616a4 e-flex e-con-boxed e-con e-child\" data-id=\"a7616a4\" data-element_type=\"container\">\n\t\t\t\t\t<div class=\"e-con-inner\">\n\t\t\t\t<div class=\"elementor-element elementor-element-541f9b6 elementor-widget elementor-widget-heading\" data-id=\"541f9b6\" data-element_type=\"widget\" data-widget_type=\"heading.default\">\n\t\t\t\t\t<h2 class=\"elementor-heading-title elementor-size-default\">Pour \u00eatre incrit au tableau  de l\u2019Ordre du Barreau du Tanganyika, il faut communiquer les documents suivants :<\/h2>\t\t\t\t<\/div>\n\t\t\t\t\t<\/div>\n\t\t\t\t<\/div>\n\t\t<div class=\"elementor-element elementor-element-fa5b136 e-flex e-con-boxed e-con e-child\" data-id=\"fa5b136\" data-element_type=\"container\">\n\t\t\t\t\t<div class=\"e-con-inner\">\n\t\t<div class=\"elementor-element elementor-element-4445d8e e-con-full e-flex e-con e-child\" data-id=\"4445d8e\" data-element_type=\"container\">\n\t\t\t\t<div class=\"elementor-element elementor-element-849f1c7 elementor-widget elementor-widget-text-editor\" data-id=\"849f1c7\" data-element_type=\"widget\" data-widget_type=\"text-editor.default\">\n\t\t\t\t\t\t\t\t\t<ul><li>Demande d\u2019inscription compl\u00e9mentaire ;<\/li><li>D\u00e9cision d\u2019admission \u00e0 la liste de stage ;<\/li><li>Proc\u00e8s-verbal de prestation de serment ;<\/li><li>D\u00e9cision d\u2019inscription au tableau ;<\/li><li>Proc\u00e8s-verbal de renouvellement de serment ;<\/li><li>Dipl\u00f4me de licence ou de doctorat d\u2019une universit\u00e9 officielle ou d\u2019une universit\u00e9 priv\u00e9e<\/li><li>agr\u00e9\u00e9e et viable. Pour ce qui concerne les universit\u00e9s priv\u00e9es agr\u00e9\u00e9es, le conseil de<\/li><li>l\u2019ordre prend en compte les universit\u00e9s suivantes :<\/li><li>Universit\u00e9 protestante du Congo (UPC) ;<\/li><li>Universit\u00e9 catholique de Bukavu (UCB) ;<\/li><li>Universit\u00e9 libre des pays des grands lacs (ULPGL-GOMA)<\/li><li>Tout dipl\u00f4me d\u2019un imp\u00e9trant provenant d\u2019une universit\u00e9 non \u00e9num\u00e9r\u00e9e fera l\u2019objet d\u2019un examen du Conseil de l\u2019Ordre qui prendra les mesures idoines pour v\u00e9rifier et se rassurer de la viabilit\u00e9 de l\u2019institution ainsi que de l\u2019authenticit\u00e9 du document.<\/li><\/ul>\t\t\t\t\t\t\t\t<\/div>\n\t\t\t\t<\/div>\n\t\t<div class=\"elementor-element elementor-element-7ed7157 e-con-full e-flex e-con e-child\" data-id=\"7ed7157\" data-element_type=\"container\">\n\t\t\t\t<div class=\"elementor-element elementor-element-4281237 elementor-widget elementor-widget-text-editor\" data-id=\"4281237\" data-element_type=\"widget\" data-widget_type=\"text-editor.default\">\n\t\t\t\t\t\t\t\t\t<ul>\n<li>Certificat d\u2019aptitude \u00e0 la profession d\u2019avocat ;<\/li>\n<li>Attestation de moralit\u00e9 d\u00e9livr\u00e9e par le barreau de provenance de l\u2019avocat ; Lettre de domiciliation professionnelle dans le ressort du barreau du Tanganyika ;<\/li>\n<li>Attestation de r\u00e9sidence ;<\/li>\n<li>Curriculum vitae ;<\/li>\n<li>Bordereau de versement de d\u2019une somme de 700 USD (sept cents dollars am\u00e9ricains) et 50 USD (cinquante dollars am\u00e9ricains) de frais de chancellerie ;<\/li>\n<li>Trois fardes ;<\/li>\n<li>Deux photos passeports<\/li>\n<li>Preuve qu\u2019on est en r\u00e8gle des cotisations avec le barreau de provenance et avec l\u2019Ordre national des avocats.<\/li>\n<\/ul>\t\t\t\t\t\t\t\t<\/div>\n\t\t\t\t<\/div>\n\t\t\t\t\t<\/div>\n\t\t\t\t<\/div>\n\t\t\t\t<div class=\"elementor-element elementor-element-723ef08 elementor-button-align-center elementor-mobile-button-align-stretch elementor-widget elementor-widget-form\" data-id=\"723ef08\" data-element_type=\"widget\" data-settings=\"{&quot;step_next_label&quot;:&quot;Next&quot;,&quot;step_previous_label&quot;:&quot;Previous&quot;,&quot;button_width&quot;:&quot;100&quot;,&quot;step_type&quot;:&quot;number_text&quot;,&quot;step_icon_shape&quot;:&quot;circle&quot;}\" data-widget_type=\"form.default\">\n\t\t\t\t\t\t\t<form class=\"elementor-form\" method=\"post\" name=\"Footer Form\" aria-label=\"Footer Form\">\n\t\t\t<input type=\"hidden\" name=\"post_id\" value=\"463\"\/>\n\t\t\t<input type=\"hidden\" name=\"form_id\" value=\"723ef08\"\/>\n\t\t\t<input type=\"hidden\" name=\"referer_title\" value=\"Inscription complementaire - Barreau du Tanganyika\" \/>\n\n\t\t\t\t\t\t\t<input type=\"hidden\" name=\"queried_id\" value=\"463\"\/>\n\t\t\t\n\t\t\t<div class=\"elementor-form-fields-wrapper elementor-labels-above\">\n\t\t\t\t\t\t\t\t<div class=\"elementor-field-type-text elementor-field-group elementor-column elementor-field-group-name elementor-col-33 elementor-md-50 elementor-field-required elementor-mark-required\">\n\t\t\t\t\t\t\t\t\t\t\t\t<label for=\"form-field-name\" class=\"elementor-field-label\">\n\t\t\t\t\t\t\t\tNom complet du candidat\t\t\t\t\t\t\t<\/label>\n\t\t\t\t\t\t\t\t\t\t\t\t\t\t<input size=\"1\" type=\"text\" name=\"form_fields[name]\" id=\"form-field-name\" class=\"elementor-field elementor-size-lg  elementor-field-textual\" required=\"required\">\n\t\t\t\t\t\t\t\t\t\t\t<\/div>\n\t\t\t\t\t\t\t\t<div class=\"elementor-field-type-text elementor-field-group elementor-column elementor-field-group-field_0fbfb8e elementor-col-33 elementor-md-50 elementor-field-required elementor-mark-required\">\n\t\t\t\t\t\t\t\t\t\t\t\t<label for=\"form-field-field_0fbfb8e\" class=\"elementor-field-label\">\n\t\t\t\t\t\t\t\tAdresse du candidat\t\t\t\t\t\t\t<\/label>\n\t\t\t\t\t\t\t\t\t\t\t\t\t\t<input size=\"1\" type=\"text\" name=\"form_fields[field_0fbfb8e]\" id=\"form-field-field_0fbfb8e\" class=\"elementor-field elementor-size-lg  elementor-field-textual\" required=\"required\">\n\t\t\t\t\t\t\t\t\t\t\t<\/div>\n\t\t\t\t\t\t\t\t<div class=\"elementor-field-type-email elementor-field-group elementor-column elementor-field-group-email elementor-col-33 elementor-md-100 elementor-field-required elementor-mark-required\">\n\t\t\t\t\t\t\t\t\t\t\t\t<label for=\"form-field-email\" class=\"elementor-field-label\">\n\t\t\t\t\t\t\t\tAdresse mail\t\t\t\t\t\t\t<\/label>\n\t\t\t\t\t\t\t\t\t\t\t\t\t\t<input size=\"1\" type=\"email\" name=\"form_fields[email]\" id=\"form-field-email\" class=\"elementor-field elementor-size-lg  elementor-field-textual\" required=\"required\">\n\t\t\t\t\t\t\t\t\t\t\t<\/div>\n\t\t\t\t\t\t\t\t<div class=\"elementor-field-type-tel elementor-field-group elementor-column elementor-field-group-field_135f29d elementor-col-33 elementor-field-required elementor-mark-required\">\n\t\t\t\t\t\t\t\t\t\t\t\t<label for=\"form-field-field_135f29d\" class=\"elementor-field-label\">\n\t\t\t\t\t\t\t\tNum\u00e9ro de t\u00e9l\u00e9phone\t\t\t\t\t\t\t<\/label>\n\t\t\t\t\t\t\t\t<input size=\"1\" type=\"tel\" name=\"form_fields[field_135f29d]\" id=\"form-field-field_135f29d\" class=\"elementor-field elementor-size-lg  elementor-field-textual\" required=\"required\" pattern=\"[0-9()#&amp;+*-=.]+\" title=\"Seuls les caract\u00e8res de num\u00e9ros de t\u00e9l\u00e9phone (#, -, *, etc.) sont accept\u00e9s.\">\n\n\t\t\t\t\t\t<\/div>\n\t\t\t\t\t\t\t\t<div class=\"elementor-field-type-select elementor-field-group elementor-column elementor-field-group-field_6c0986e elementor-col-33 elementor-field-required elementor-mark-required\">\n\t\t\t\t\t\t\t\t\t\t\t\t<label for=\"form-field-field_6c0986e\" class=\"elementor-field-label\">\n\t\t\t\t\t\t\t\tDipl\u00f4me du candidat\t\t\t\t\t\t\t<\/label>\n\t\t\t\t\t\t\t\t<div class=\"elementor-field elementor-select-wrapper remove-before \">\n\t\t\t<div class=\"select-caret-down-wrapper\">\n\t\t\t\t<svg aria-hidden=\"true\" class=\"e-font-icon-svg e-eicon-caret-down\" viewBox=\"0 0 571.4 571.4\" xmlns=\"http:\/\/www.w3.org\/2000\/svg\"><path d=\"M571 393Q571 407 561 418L311 668Q300 679 286 679T261 668L11 418Q0 407 0 393T11 368 36 357H536Q550 357 561 368T571 393Z\"><\/path><\/svg>\t\t\t<\/div>\n\t\t\t<select name=\"form_fields[field_6c0986e]\" id=\"form-field-field_6c0986e\" class=\"elementor-field-textual elementor-size-lg\" required=\"required\">\n\t\t\t\t\t\t\t\t\t<option value=\"-\">-<\/option>\n\t\t\t\t\t\t\t\t\t<option value=\"Licence\">Licence<\/option>\n\t\t\t\t\t\t\t\t\t<option value=\"Ma\u00eetrise\">Ma\u00eetrise<\/option>\n\t\t\t\t\t\t\t\t\t<option value=\"Doctorat\">Doctorat<\/option>\n\t\t\t\t\t\t\t<\/select>\n\t\t<\/div>\n\t\t\t\t\t\t<\/div>\n\t\t\t\t\t\t\t\t<div class=\"elementor-field-type-select elementor-field-group elementor-column elementor-field-group-field_e5fdab9 elementor-col-33 elementor-field-required elementor-mark-required\">\n\t\t\t\t\t\t\t\t\t\t\t\t<label for=\"form-field-field_e5fdab9\" class=\"elementor-field-label\">\n\t\t\t\t\t\t\t\tStructure acad\u00e9mique\t\t\t\t\t\t\t<\/label>\n\t\t\t\t\t\t\t\t<div class=\"elementor-field elementor-select-wrapper remove-before \">\n\t\t\t<div class=\"select-caret-down-wrapper\">\n\t\t\t\t<svg aria-hidden=\"true\" class=\"e-font-icon-svg e-eicon-caret-down\" viewBox=\"0 0 571.4 571.4\" xmlns=\"http:\/\/www.w3.org\/2000\/svg\"><path d=\"M571 393Q571 407 561 418L311 668Q300 679 286 679T261 668L11 418Q0 407 0 393T11 368 36 357H536Q550 357 561 368T571 393Z\"><\/path><\/svg>\t\t\t<\/div>\n\t\t\t<select name=\"form_fields[field_e5fdab9]\" id=\"form-field-field_e5fdab9\" class=\"elementor-field-textual elementor-size-lg\" required=\"required\">\n\t\t\t\t\t\t\t\t\t<option value=\"-\">-<\/option>\n\t\t\t\t\t\t\t\t\t<option value=\"Officielle\">Officielle<\/option>\n\t\t\t\t\t\t\t\t\t<option value=\"Priv\u00e9e agr\u00e9\u00e9e\">Priv\u00e9e agr\u00e9\u00e9e<\/option>\n\t\t\t\t\t\t\t\t\t<option value=\"Autres (\u00e0 pr\u00e9ciser)\">Autres (\u00e0 pr\u00e9ciser)<\/option>\n\t\t\t\t\t\t\t<\/select>\n\t\t<\/div>\n\t\t\t\t\t\t<\/div>\n\t\t\t\t\t\t\t\t<div class=\"elementor-field-type-select elementor-field-group elementor-column elementor-field-group-field_7e78b00 elementor-col-33 elementor-field-required elementor-mark-required\">\n\t\t\t\t\t\t\t\t\t\t\t\t<label for=\"form-field-field_7e78b00\" class=\"elementor-field-label\">\n\t\t\t\t\t\t\t\tUniversit\u00e9 d'origine\t\t\t\t\t\t\t<\/label>\n\t\t\t\t\t\t\t\t<div class=\"elementor-field elementor-select-wrapper remove-before \">\n\t\t\t<div class=\"select-caret-down-wrapper\">\n\t\t\t\t<svg aria-hidden=\"true\" class=\"e-font-icon-svg e-eicon-caret-down\" viewBox=\"0 0 571.4 571.4\" xmlns=\"http:\/\/www.w3.org\/2000\/svg\"><path d=\"M571 393Q571 407 561 418L311 668Q300 679 286 679T261 668L11 418Q0 407 0 393T11 368 36 357H536Q550 357 561 368T571 393Z\"><\/path><\/svg>\t\t\t<\/div>\n\t\t\t<select name=\"form_fields[field_7e78b00]\" id=\"form-field-field_7e78b00\" class=\"elementor-field-textual elementor-size-lg\" required=\"required\">\n\t\t\t\t\t\t\t\t\t<option value=\"-\">-<\/option>\n\t\t\t\t\t\t\t\t\t<option value=\"UCC\">UCC<\/option>\n\t\t\t\t\t\t\t\t\t<option value=\"UPC\">UPC<\/option>\n\t\t\t\t\t\t\t\t\t<option value=\"UCB\">UCB<\/option>\n\t\t\t\t\t\t\t\t\t<option value=\"ULPGL-GOMA\">ULPGL-GOMA<\/option>\n\t\t\t\t\t\t\t<\/select>\n\t\t<\/div>\n\t\t\t\t\t\t<\/div>\n\t\t\t\t\t\t\t\t<div class=\"elementor-field-type-text elementor-field-group elementor-column elementor-field-group-field_939cab6 elementor-col-33\">\n\t\t\t\t\t\t\t\t\t\t\t\t<label for=\"form-field-field_939cab6\" class=\"elementor-field-label\">\n\t\t\t\t\t\t\t\tAutres Universit\u00e9s\t\t\t\t\t\t\t<\/label>\n\t\t\t\t\t\t\t\t\t\t\t\t\t\t<input size=\"1\" type=\"text\" name=\"form_fields[field_939cab6]\" id=\"form-field-field_939cab6\" class=\"elementor-field elementor-size-lg  elementor-field-textual\">\n\t\t\t\t\t\t\t\t\t\t\t<\/div>\n\t\t\t\t\t\t\t\t<div class=\"elementor-field-type-text elementor-field-group elementor-column elementor-field-group-field_7d676f7 elementor-col-33 elementor-field-required elementor-mark-required\">\n\t\t\t\t\t\t\t\t\t\t\t\t<label for=\"form-field-field_7d676f7\" class=\"elementor-field-label\">\n\t\t\t\t\t\t\t\tBarreau d'origine\t\t\t\t\t\t\t<\/label>\n\t\t\t\t\t\t\t\t\t\t\t\t\t\t<input size=\"1\" type=\"text\" name=\"form_fields[field_7d676f7]\" id=\"form-field-field_7d676f7\" class=\"elementor-field elementor-size-lg  elementor-field-textual\" required=\"required\">\n\t\t\t\t\t\t\t\t\t\t\t<\/div>\n\t\t\t\t\t\t\t\t<div class=\"elementor-field-type-upload elementor-field-group elementor-column elementor-field-group-field_6041c1f elementor-col-33 elementor-field-required elementor-mark-required\">\n\t\t\t\t\t\t\t\t\t\t\t\t<label for=\"form-field-field_6041c1f\" class=\"elementor-field-label\">\n\t\t\t\t\t\t\t\tLettre de demande d'admission\t\t\t\t\t\t\t<\/label>\n\t\t\t\t\t\t\t\t<input type=\"file\" name=\"form_fields[field_6041c1f]\" id=\"form-field-field_6041c1f\" class=\"elementor-field elementor-size-lg  elementor-upload-field\" required=\"required\" data-maxsize=\"5\" data-maxsize-message=\"Ce fichier d\u00e9passe la taille maximale autoris\u00e9e.\">\n\n\t\t\t\t\t\t<\/div>\n\t\t\t\t\t\t\t\t<div class=\"elementor-field-type-upload elementor-field-group elementor-column elementor-field-group-field_f17fc21 elementor-col-33 elementor-field-required elementor-mark-required\">\n\t\t\t\t\t\t\t\t\t\t\t\t<label for=\"form-field-field_f17fc21\" class=\"elementor-field-label\">\n\t\t\t\t\t\t\t\tDossier du candidat\t\t\t\t\t\t\t<\/label>\n\t\t\t\t\t\t\t\t<input type=\"file\" name=\"form_fields[field_f17fc21][]\" id=\"form-field-field_f17fc21\" class=\"elementor-field elementor-size-lg  elementor-upload-field\" required=\"required\" multiple=\"multiple\" data-maxsize=\"5\" data-maxsize-message=\"Ce fichier d\u00e9passe la taille maximale autoris\u00e9e.\">\n\n\t\t\t\t\t\t<\/div>\n\t\t\t\t\t\t\t\t<div class=\"elementor-field-type-upload elementor-field-group elementor-column elementor-field-group-field_8f40291 elementor-col-33 elementor-field-required elementor-mark-required\">\n\t\t\t\t\t\t\t\t\t\t\t\t<label for=\"form-field-field_8f40291\" class=\"elementor-field-label\">\n\t\t\t\t\t\t\t\tPreuve de paiement\t\t\t\t\t\t\t<\/label>\n\t\t\t\t\t\t\t\t<input type=\"file\" name=\"form_fields[field_8f40291][]\" id=\"form-field-field_8f40291\" class=\"elementor-field elementor-size-lg  elementor-upload-field\" required=\"required\" multiple=\"multiple\" data-maxsize=\"5\" data-maxsize-message=\"Ce fichier d\u00e9passe la taille maximale autoris\u00e9e.\">\n\n\t\t\t\t\t\t<\/div>\n\t\t\t\t\t\t\t\t<div class=\"elementor-field-group elementor-column elementor-field-type-submit elementor-col-100 e-form__buttons\">\n\t\t\t\t\t<button class=\"elementor-button elementor-size-sm\" type=\"submit\">\n\t\t\t\t\t\t<span class=\"elementor-button-content-wrapper\">\n\t\t\t\t\t\t\t\t\t\t\t\t\t\t\t\t\t\t\t\t\t\t<span class=\"elementor-button-text\">Envoyer<\/span>\n\t\t\t\t\t\t\t\t\t\t\t\t\t<\/span>\n\t\t\t\t\t<\/button>\n\t\t\t\t<\/div>\n\t\t\t<\/div>\n\t\t<\/form>\n\t\t\t\t\t\t<\/div>\n\t\t\t\t<\/div>\n\t\t\t\t<\/div>\n\t\t","protected":false},"excerpt":{"rendered":"<p>inscription complementaire Pour \u00eatre incrit au tableau de l\u2019Ordre du Barreau du Tanganyika, il faut communiquer les documents suivants : Demande d\u2019inscription compl\u00e9mentaire ; D\u00e9cision d\u2019admission \u00e0 la liste de stage ; Proc\u00e8s-verbal de prestation de serment ; D\u00e9cision d\u2019inscription au tableau ; Proc\u00e8s-verbal de renouvellement de serment ; Dipl\u00f4me de licence ou de doctorat [&hellip;]<\/p>\n","protected":false},"author":1,"featured_media":0,"parent":0,"menu_order":0,"comment_status":"closed","ping_status":"closed","template":"","meta":{"footnotes":""},"class_list":["post-463","page","type-page","status-publish","hentry"],"yoast_head":"<!-- This site is optimized with the Yoast SEO plugin v26.0 - https:\/\/yoast.com\/wordpress\/plugins\/seo\/ -->\n<title>Inscription complementaire - Barreau du Tanganyika<\/title>\n<meta name=\"robots\" content=\"index, follow, max-snippet:-1, max-image-preview:large, max-video-preview:-1\" \/>\n<link rel=\"canonical\" href=\"https:\/\/barreaudutanganyika.org\/index.php\/inscription-complementaire\/\" \/>\n<meta property=\"og:locale\" content=\"fr_FR\" \/>\n<meta property=\"og:type\" content=\"article\" \/>\n<meta property=\"og:title\" content=\"Inscription complementaire - Barreau du Tanganyika\" \/>\n<meta property=\"og:description\" content=\"inscription complementaire Pour \u00eatre incrit au tableau de l\u2019Ordre du Barreau du Tanganyika, il faut communiquer les documents suivants : Demande d\u2019inscription compl\u00e9mentaire ; D\u00e9cision d\u2019admission \u00e0 la liste de stage ; Proc\u00e8s-verbal de prestation de serment ; D\u00e9cision d\u2019inscription au tableau ; Proc\u00e8s-verbal de renouvellement de serment ; Dipl\u00f4me de licence ou de doctorat [&hellip;]\" \/>\n<meta property=\"og:url\" content=\"https:\/\/barreaudutanganyika.org\/index.php\/inscription-complementaire\/\" \/>\n<meta property=\"og:site_name\" content=\"Barreau du Tanganyika\" \/>\n<meta property=\"article:modified_time\" content=\"2025-10-02T17:39:47+00:00\" \/>\n<meta name=\"twitter:card\" content=\"summary_large_image\" \/>\n<meta name=\"twitter:label1\" content=\"Dur\u00e9e de lecture estim\u00e9e\" \/>\n\t<meta name=\"twitter:data1\" content=\"2 minutes\" \/>\n<script type=\"application\/ld+json\" class=\"yoast-schema-graph\">{\"@context\":\"https:\/\/schema.org\",\"@graph\":[{\"@type\":\"WebPage\",\"@id\":\"https:\/\/barreaudutanganyika.org\/index.php\/inscription-complementaire\/\",\"url\":\"https:\/\/barreaudutanganyika.org\/index.php\/inscription-complementaire\/\",\"name\":\"Inscription complementaire - Barreau du Tanganyika\",\"isPartOf\":{\"@id\":\"https:\/\/barreaudutanganyika.org\/#website\"},\"datePublished\":\"2025-09-17T00:35:14+00:00\",\"dateModified\":\"2025-10-02T17:39:47+00:00\",\"breadcrumb\":{\"@id\":\"https:\/\/barreaudutanganyika.org\/index.php\/inscription-complementaire\/#breadcrumb\"},\"inLanguage\":\"fr-FR\",\"potentialAction\":[{\"@type\":\"ReadAction\",\"target\":[\"https:\/\/barreaudutanganyika.org\/index.php\/inscription-complementaire\/\"]}]},{\"@type\":\"BreadcrumbList\",\"@id\":\"https:\/\/barreaudutanganyika.org\/index.php\/inscription-complementaire\/#breadcrumb\",\"itemListElement\":[{\"@type\":\"ListItem\",\"position\":1,\"name\":\"Accueil\",\"item\":\"https:\/\/barreaudutanganyika.org\/\"},{\"@type\":\"ListItem\",\"position\":2,\"name\":\"Inscription complementaire\"}]},{\"@type\":\"WebSite\",\"@id\":\"https:\/\/barreaudutanganyika.org\/#website\",\"url\":\"https:\/\/barreaudutanganyika.org\/\",\"name\":\"Barreau du Tanganyika\",\"description\":\"Service juridique pour les avocats\",\"publisher\":{\"@id\":\"https:\/\/barreaudutanganyika.org\/#organization\"},\"potentialAction\":[{\"@type\":\"SearchAction\",\"target\":{\"@type\":\"EntryPoint\",\"urlTemplate\":\"https:\/\/barreaudutanganyika.org\/?s={search_term_string}\"},\"query-input\":{\"@type\":\"PropertyValueSpecification\",\"valueRequired\":true,\"valueName\":\"search_term_string\"}}],\"inLanguage\":\"fr-FR\"},{\"@type\":\"Organization\",\"@id\":\"https:\/\/barreaudutanganyika.org\/#organization\",\"name\":\"BARREAU DU TANGANYIKA\",\"url\":\"https:\/\/barreaudutanganyika.org\/\",\"logo\":{\"@type\":\"ImageObject\",\"inLanguage\":\"fr-FR\",\"@id\":\"https:\/\/barreaudutanganyika.org\/#\/schema\/logo\/image\/\",\"url\":\"https:\/\/barreaudutanganyika.org\/wp-content\/uploads\/2025\/09\/logo-barreau-couleur-e1757684624614.png\",\"contentUrl\":\"https:\/\/barreaudutanganyika.org\/wp-content\/uploads\/2025\/09\/logo-barreau-couleur-e1757684624614.png\",\"width\":2276,\"height\":747,\"caption\":\"BARREAU DU TANGANYIKA\"},\"image\":{\"@id\":\"https:\/\/barreaudutanganyika.org\/#\/schema\/logo\/image\/\"}}]}<\/script>\n<!-- \/ Yoast SEO plugin. -->","yoast_head_json":{"title":"Inscription complementaire - Barreau du Tanganyika","robots":{"index":"index","follow":"follow","max-snippet":"max-snippet:-1","max-image-preview":"max-image-preview:large","max-video-preview":"max-video-preview:-1"},"canonical":"https:\/\/barreaudutanganyika.org\/index.php\/inscription-complementaire\/","og_locale":"fr_FR","og_type":"article","og_title":"Inscription complementaire - Barreau du Tanganyika","og_description":"inscription complementaire Pour \u00eatre incrit au tableau de l\u2019Ordre du Barreau du Tanganyika, il faut communiquer les documents suivants : Demande d\u2019inscription compl\u00e9mentaire ; D\u00e9cision d\u2019admission \u00e0 la liste de stage ; Proc\u00e8s-verbal de prestation de serment ; D\u00e9cision d\u2019inscription au tableau ; Proc\u00e8s-verbal de renouvellement de serment ; Dipl\u00f4me de licence ou de doctorat [&hellip;]","og_url":"https:\/\/barreaudutanganyika.org\/index.php\/inscription-complementaire\/","og_site_name":"Barreau du Tanganyika","article_modified_time":"2025-10-02T17:39:47+00:00","twitter_card":"summary_large_image","twitter_misc":{"Dur\u00e9e de lecture estim\u00e9e":"2 minutes"},"schema":{"@context":"https:\/\/schema.org","@graph":[{"@type":"WebPage","@id":"https:\/\/barreaudutanganyika.org\/index.php\/inscription-complementaire\/","url":"https:\/\/barreaudutanganyika.org\/index.php\/inscription-complementaire\/","name":"Inscription complementaire - Barreau du Tanganyika","isPartOf":{"@id":"https:\/\/barreaudutanganyika.org\/#website"},"datePublished":"2025-09-17T00:35:14+00:00","dateModified":"2025-10-02T17:39:47+00:00","breadcrumb":{"@id":"https:\/\/barreaudutanganyika.org\/index.php\/inscription-complementaire\/#breadcrumb"},"inLanguage":"fr-FR","potentialAction":[{"@type":"ReadAction","target":["https:\/\/barreaudutanganyika.org\/index.php\/inscription-complementaire\/"]}]},{"@type":"BreadcrumbList","@id":"https:\/\/barreaudutanganyika.org\/index.php\/inscription-complementaire\/#breadcrumb","itemListElement":[{"@type":"ListItem","position":1,"name":"Accueil","item":"https:\/\/barreaudutanganyika.org\/"},{"@type":"ListItem","position":2,"name":"Inscription complementaire"}]},{"@type":"WebSite","@id":"https:\/\/barreaudutanganyika.org\/#website","url":"https:\/\/barreaudutanganyika.org\/","name":"Barreau du Tanganyika","description":"Service juridique pour les avocats","publisher":{"@id":"https:\/\/barreaudutanganyika.org\/#organization"},"potentialAction":[{"@type":"SearchAction","target":{"@type":"EntryPoint","urlTemplate":"https:\/\/barreaudutanganyika.org\/?s={search_term_string}"},"query-input":{"@type":"PropertyValueSpecification","valueRequired":true,"valueName":"search_term_string"}}],"inLanguage":"fr-FR"},{"@type":"Organization","@id":"https:\/\/barreaudutanganyika.org\/#organization","name":"BARREAU DU TANGANYIKA","url":"https:\/\/barreaudutanganyika.org\/","logo":{"@type":"ImageObject","inLanguage":"fr-FR","@id":"https:\/\/barreaudutanganyika.org\/#\/schema\/logo\/image\/","url":"https:\/\/barreaudutanganyika.org\/wp-content\/uploads\/2025\/09\/logo-barreau-couleur-e1757684624614.png","contentUrl":"https:\/\/barreaudutanganyika.org\/wp-content\/uploads\/2025\/09\/logo-barreau-couleur-e1757684624614.png","width":2276,"height":747,"caption":"BARREAU DU TANGANYIKA"},"image":{"@id":"https:\/\/barreaudutanganyika.org\/#\/schema\/logo\/image\/"}}]}},"jetpack_sharing_enabled":true,"_links":{"self":[{"href":"https:\/\/barreaudutanganyika.org\/index.php\/wp-json\/wp\/v2\/pages\/463","targetHints":{"allow":["GET"]}}],"collection":[{"href":"https:\/\/barreaudutanganyika.org\/index.php\/wp-json\/wp\/v2\/pages"}],"about":[{"href":"https:\/\/barreaudutanganyika.org\/index.php\/wp-json\/wp\/v2\/types\/page"}],"author":[{"embeddable":true,"href":"https:\/\/barreaudutanganyika.org\/index.php\/wp-json\/wp\/v2\/users\/1"}],"replies":[{"embeddable":true,"href":"https:\/\/barreaudutanganyika.org\/index.php\/wp-json\/wp\/v2\/comments?post=463"}],"version-history":[{"count":25,"href":"https:\/\/barreaudutanganyika.org\/index.php\/wp-json\/wp\/v2\/pages\/463\/revisions"}],"predecessor-version":[{"id":2150,"href":"https:\/\/barreaudutanganyika.org\/index.php\/wp-json\/wp\/v2\/pages\/463\/revisions\/2150"}],"wp:attachment":[{"href":"https:\/\/barreaudutanganyika.org\/index.php\/wp-json\/wp\/v2\/media?parent=463"}],"curies":[{"name":"wp","href":"https:\/\/api.w.org\/{rel}","templated":true}]}}